{"id":145,"date":"2017-03-25T22:36:11","date_gmt":"2017-03-25T21:36:11","guid":{"rendered":"http:\/\/smile-islesurlasorgue.fr\/?page_id=145"},"modified":"2021-06-23T22:07:14","modified_gmt":"2021-06-23T20:07:14","slug":"locaux-smile","status":"publish","type":"page","link":"https:\/\/smile-islesurlasorgue.fr\/index.php\/locaux-smile\/","title":{"rendered":"NOS LOCAUX"},"content":{"rendered":"<p>Nous vous accueillons dans de nouveaux locaux, 774 route de l&rsquo;Isle \u00e0 Le Thor (Zone St V\u00e9ran)<\/p>\n<p>&nbsp;<\/p>\n<p>210 m2 de parquet, dont une salle de cours climatis\u00e9e d&rsquo;environ 100m2, des vestiaires, des sanitaires, un accueil, un coin enfants<\/p>\n<p>&nbsp;<\/p>\n\n\t\t<style type=\"text\/css\">\n\t\t\t#gallery-1 {\n\t\t\t\tmargin: auto;\n\t\t\t}\n\t\t\t#gallery-1 .gallery-item {\n\t\t\t\tfloat: left;\n\t\t\t\tmargin-top: 10px;\n\t\t\t\ttext-align: center;\n\t\t\t\twidth: 33%;\n\t\t\t}\n\t\t\t#gallery-1 img {\n\t\t\t\tborder: 2px solid #cfcfcf;\n\t\t\t}\n\t\t\t#gallery-1 .gallery-caption {\n\t\t\t\tmargin-left: 0;\n\t\t\t}\n\t\t\t\/* see gallery_shortcode() in wp-includes\/media.php *\/\n\t\t<\/style>\n\t\t<div id='gallery-1' class='gallery galleryid-145 gallery-columns-3 gallery-size-thumbnail'><dl class='gallery-item'>\n\t\t\t<dt class='gallery-icon landscape'>\n\t\t\t\t<a href='https:\/\/smile-islesurlasorgue.fr\/wp-content\/uploads\/2017\/03\/2019-09-TRAVAUX-DIMANCHE-03.jpg'><img width=\"150\" height=\"150\" src=\"https:\/\/smile-islesurlasorgue.fr\/wp-content\/uploads\/2017\/03\/2019-09-TRAVAUX-DIMANCHE-03-150x150.jpg\" class=\"attachment-thumbnail size-thumbnail\" alt=\"\" loading=\"lazy\" srcset=\"https:\/\/smile-islesurlasorgue.fr\/wp-content\/uploads\/2017\/03\/2019-09-TRAVAUX-DIMANCHE-03-150x150.jpg 150w, https:\/\/smile-islesurlasorgue.fr\/wp-content\/uploads\/2017\/03\/2019-09-TRAVAUX-DIMANCHE-03-300x300.jpg 300w, https:\/\/smile-islesurlasorgue.fr\/wp-content\/uploads\/2017\/03\/2019-09-TRAVAUX-DIMANCHE-03-100x100.jpg 100w\" sizes=\"(max-width: 150px) 100vw, 150px\" \/><\/a>\n\t\t\t<\/dt><\/dl><dl class='gallery-item'>\n\t\t\t<dt class='gallery-icon portrait'>\n\t\t\t\t<a href='https:\/\/smile-islesurlasorgue.fr\/wp-content\/uploads\/2017\/03\/2019-09-TRAVAUX-DIMANCHE-14.jpg'><img width=\"150\" height=\"150\" src=\"https:\/\/smile-islesurlasorgue.fr\/wp-content\/uploads\/2017\/03\/2019-09-TRAVAUX-DIMANCHE-14-150x150.jpg\" class=\"attachment-thumbnail size-thumbnail\" alt=\"\" loading=\"lazy\" srcset=\"https:\/\/smile-islesurlasorgue.fr\/wp-content\/uploads\/2017\/03\/2019-09-TRAVAUX-DIMANCHE-14-150x150.jpg 150w, https:\/\/smile-islesurlasorgue.fr\/wp-content\/uploads\/2017\/03\/2019-09-TRAVAUX-DIMANCHE-14-300x300.jpg 300w, https:\/\/smile-islesurlasorgue.fr\/wp-content\/uploads\/2017\/03\/2019-09-TRAVAUX-DIMANCHE-14-100x100.jpg 100w\" sizes=\"(max-width: 150px) 100vw, 150px\" \/><\/a>\n\t\t\t<\/dt><\/dl><dl class='gallery-item'>\n\t\t\t<dt class='gallery-icon portrait'>\n\t\t\t\t<a href='https:\/\/smile-islesurlasorgue.fr\/wp-content\/uploads\/2017\/03\/2019-09-TRAVAUX-DIMANCHE-13.jpg'><img width=\"150\" height=\"150\" src=\"https:\/\/smile-islesurlasorgue.fr\/wp-content\/uploads\/2017\/03\/2019-09-TRAVAUX-DIMANCHE-13-150x150.jpg\" class=\"attachment-thumbnail size-thumbnail\" alt=\"\" loading=\"lazy\" srcset=\"https:\/\/smile-islesurlasorgue.fr\/wp-content\/uploads\/2017\/03\/2019-09-TRAVAUX-DIMANCHE-13-150x150.jpg 150w, https:\/\/smile-islesurlasorgue.fr\/wp-content\/uploads\/2017\/03\/2019-09-TRAVAUX-DIMANCHE-13-300x300.jpg 300w, https:\/\/smile-islesurlasorgue.fr\/wp-content\/uploads\/2017\/03\/2019-09-TRAVAUX-DIMANCHE-13-100x100.jpg 100w\" sizes=\"(max-width: 150px) 100vw, 150px\" \/><\/a>\n\t\t\t<\/dt><\/dl><br style=\"clear: both\" \/><dl class='gallery-item'>\n\t\t\t<dt class='gallery-icon portrait'>\n\t\t\t\t<a href='https:\/\/smile-islesurlasorgue.fr\/wp-content\/uploads\/2017\/03\/2019-09-TRAVAUX-DIMANCHE-10.jpg'><img width=\"150\" height=\"150\" src=\"https:\/\/smile-islesurlasorgue.fr\/wp-content\/uploads\/2017\/03\/2019-09-TRAVAUX-DIMANCHE-10-150x150.jpg\" class=\"attachment-thumbnail size-thumbnail\" alt=\"\" loading=\"lazy\" srcset=\"https:\/\/smile-islesurlasorgue.fr\/wp-content\/uploads\/2017\/03\/2019-09-TRAVAUX-DIMANCHE-10-150x150.jpg 150w, https:\/\/smile-islesurlasorgue.fr\/wp-content\/uploads\/2017\/03\/2019-09-TRAVAUX-DIMANCHE-10-300x300.jpg 300w, https:\/\/smile-islesurlasorgue.fr\/wp-content\/uploads\/2017\/03\/2019-09-TRAVAUX-DIMANCHE-10-100x100.jpg 100w\" sizes=\"(max-width: 150px) 100vw, 150px\" \/><\/a>\n\t\t\t<\/dt><\/dl><dl class='gallery-item'>\n\t\t\t<dt class='gallery-icon landscape'>\n\t\t\t\t<a href='https:\/\/smile-islesurlasorgue.fr\/wp-content\/uploads\/2017\/03\/2019-09-DECO-02.jpg'><img width=\"150\" height=\"150\" src=\"https:\/\/smile-islesurlasorgue.fr\/wp-content\/uploads\/2017\/03\/2019-09-DECO-02-150x150.jpg\" class=\"attachment-thumbnail size-thumbnail\" alt=\"\" loading=\"lazy\" srcset=\"https:\/\/smile-islesurlasorgue.fr\/wp-content\/uploads\/2017\/03\/2019-09-DECO-02-150x150.jpg 150w, https:\/\/smile-islesurlasorgue.fr\/wp-content\/uploads\/2017\/03\/2019-09-DECO-02-300x300.jpg 300w, https:\/\/smile-islesurlasorgue.fr\/wp-content\/uploads\/2017\/03\/2019-09-DECO-02-100x100.jpg 100w\" sizes=\"(max-width: 150px) 100vw, 150px\" \/><\/a>\n\t\t\t<\/dt><\/dl><dl class='gallery-item'>\n\t\t\t<dt class='gallery-icon landscape'>\n\t\t\t\t<a href='https:\/\/smile-islesurlasorgue.fr\/wp-content\/uploads\/2017\/03\/2019-09-DECO-3.jpg'><img width=\"150\" height=\"150\" src=\"https:\/\/smile-islesurlasorgue.fr\/wp-content\/uploads\/2017\/03\/2019-09-DECO-3-150x150.jpg\" class=\"attachment-thumbnail size-thumbnail\" alt=\"\" loading=\"lazy\" srcset=\"https:\/\/smile-islesurlasorgue.fr\/wp-content\/uploads\/2017\/03\/2019-09-DECO-3-150x150.jpg 150w, https:\/\/smile-islesurlasorgue.fr\/wp-content\/uploads\/2017\/03\/2019-09-DECO-3-300x300.jpg 300w, https:\/\/smile-islesurlasorgue.fr\/wp-content\/uploads\/2017\/03\/2019-09-DECO-3-100x100.jpg 100w\" sizes=\"(max-width: 150px) 100vw, 150px\" \/><\/a>\n\t\t\t<\/dt><\/dl><br style=\"clear: both\" \/><dl class='gallery-item'>\n\t\t\t<dt class='gallery-icon landscape'>\n\t\t\t\t<a href='https:\/\/smile-islesurlasorgue.fr\/wp-content\/uploads\/2017\/03\/2019-09-DECO-03.jpg'><img width=\"150\" height=\"150\" src=\"https:\/\/smile-islesurlasorgue.fr\/wp-content\/uploads\/2017\/03\/2019-09-DECO-03-150x150.jpg\" class=\"attachment-thumbnail size-thumbnail\" alt=\"\" loading=\"lazy\" srcset=\"https:\/\/smile-islesurlasorgue.fr\/wp-content\/uploads\/2017\/03\/2019-09-DECO-03-150x150.jpg 150w, https:\/\/smile-islesurlasorgue.fr\/wp-content\/uploads\/2017\/03\/2019-09-DECO-03-300x300.jpg 300w, https:\/\/smile-islesurlasorgue.fr\/wp-content\/uploads\/2017\/03\/2019-09-DECO-03-100x100.jpg 100w\" sizes=\"(max-width: 150px) 100vw, 150px\" \/><\/a>\n\t\t\t<\/dt><\/dl><dl class='gallery-item'>\n\t\t\t<dt class='gallery-icon landscape'>\n\t\t\t\t<a href='https:\/\/smile-islesurlasorgue.fr\/wp-content\/uploads\/2017\/03\/2019-09-DECO-04.jpg'><img width=\"150\" height=\"150\" src=\"https:\/\/smile-islesurlasorgue.fr\/wp-content\/uploads\/2017\/03\/2019-09-DECO-04-150x150.jpg\" class=\"attachment-thumbnail size-thumbnail\" alt=\"\" loading=\"lazy\" srcset=\"https:\/\/smile-islesurlasorgue.fr\/wp-content\/uploads\/2017\/03\/2019-09-DECO-04-150x150.jpg 150w, https:\/\/smile-islesurlasorgue.fr\/wp-content\/uploads\/2017\/03\/2019-09-DECO-04-300x300.jpg 300w, https:\/\/smile-islesurlasorgue.fr\/wp-content\/uploads\/2017\/03\/2019-09-DECO-04-100x100.jpg 100w\" sizes=\"(max-width: 150px) 100vw, 150px\" \/><\/a>\n\t\t\t<\/dt><\/dl><dl class='gallery-item'>\n\t\t\t<dt class='gallery-icon landscape'>\n\t\t\t\t<a href='https:\/\/smile-islesurlasorgue.fr\/wp-content\/uploads\/2017\/03\/2019-09-DECO-05.jpg'><img width=\"150\" height=\"150\" src=\"https:\/\/smile-islesurlasorgue.fr\/wp-content\/uploads\/2017\/03\/2019-09-DECO-05-150x150.jpg\" class=\"attachment-thumbnail size-thumbnail\" alt=\"\" loading=\"lazy\" srcset=\"https:\/\/smile-islesurlasorgue.fr\/wp-content\/uploads\/2017\/03\/2019-09-DECO-05-150x150.jpg 150w, https:\/\/smile-islesurlasorgue.fr\/wp-content\/uploads\/2017\/03\/2019-09-DECO-05-300x300.jpg 300w, https:\/\/smile-islesurlasorgue.fr\/wp-content\/uploads\/2017\/03\/2019-09-DECO-05-100x100.jpg 100w\" sizes=\"(max-width: 150px) 100vw, 150px\" \/><\/a>\n\t\t\t<\/dt><\/dl><br style=\"clear: both\" \/><dl class='gallery-item'>\n\t\t\t<dt class='gallery-icon landscape'>\n\t\t\t\t<a href='https:\/\/smile-islesurlasorgue.fr\/wp-content\/uploads\/2017\/03\/2019-09-DECO-06.jpg'><img width=\"150\" height=\"150\" src=\"https:\/\/smile-islesurlasorgue.fr\/wp-content\/uploads\/2017\/03\/2019-09-DECO-06-150x150.jpg\" class=\"attachment-thumbnail size-thumbnail\" alt=\"\" loading=\"lazy\" srcset=\"https:\/\/smile-islesurlasorgue.fr\/wp-content\/uploads\/2017\/03\/2019-09-DECO-06-150x150.jpg 150w, https:\/\/smile-islesurlasorgue.fr\/wp-content\/uploads\/2017\/03\/2019-09-DECO-06-300x300.jpg 300w, https:\/\/smile-islesurlasorgue.fr\/wp-content\/uploads\/2017\/03\/2019-09-DECO-06-100x100.jpg 100w\" sizes=\"(max-width: 150px) 100vw, 150px\" \/><\/a>\n\t\t\t<\/dt><\/dl><dl class='gallery-item'>\n\t\t\t<dt class='gallery-icon landscape'>\n\t\t\t\t<a href='https:\/\/smile-islesurlasorgue.fr\/wp-content\/uploads\/2017\/03\/2019-09-DECO-07.jpg'><img width=\"150\" height=\"150\" src=\"https:\/\/smile-islesurlasorgue.fr\/wp-content\/uploads\/2017\/03\/2019-09-DECO-07-150x150.jpg\" class=\"attachment-thumbnail size-thumbnail\" alt=\"\" loading=\"lazy\" srcset=\"https:\/\/smile-islesurlasorgue.fr\/wp-content\/uploads\/2017\/03\/2019-09-DECO-07-150x150.jpg 150w, https:\/\/smile-islesurlasorgue.fr\/wp-content\/uploads\/2017\/03\/2019-09-DECO-07-300x300.jpg 300w, https:\/\/smile-islesurlasorgue.fr\/wp-content\/uploads\/2017\/03\/2019-09-DECO-07-100x100.jpg 100w\" sizes=\"(max-width: 150px) 100vw, 150px\" \/><\/a>\n\t\t\t<\/dt><\/dl><dl class='gallery-item'>\n\t\t\t<dt class='gallery-icon landscape'>\n\t\t\t\t<a href='https:\/\/smile-islesurlasorgue.fr\/wp-content\/uploads\/2017\/03\/2019-09-DECO-08.jpg'><img width=\"150\" height=\"150\" src=\"https:\/\/smile-islesurlasorgue.fr\/wp-content\/uploads\/2017\/03\/2019-09-DECO-08-150x150.jpg\" class=\"attachment-thumbnail size-thumbnail\" alt=\"\" loading=\"lazy\" srcset=\"https:\/\/smile-islesurlasorgue.fr\/wp-content\/uploads\/2017\/03\/2019-09-DECO-08-150x150.jpg 150w, https:\/\/smile-islesurlasorgue.fr\/wp-content\/uploads\/2017\/03\/2019-09-DECO-08-300x300.jpg 300w, https:\/\/smile-islesurlasorgue.fr\/wp-content\/uploads\/2017\/03\/2019-09-DECO-08-100x100.jpg 100w\" sizes=\"(max-width: 150px) 100vw, 150px\" \/><\/a>\n\t\t\t<\/dt><\/dl><br style=\"clear: both\" \/><dl class='gallery-item'>\n\t\t\t<dt class='gallery-icon landscape'>\n\t\t\t\t<a href='https:\/\/smile-islesurlasorgue.fr\/wp-content\/uploads\/2017\/03\/2019-09-DECO-09.jpg'><img width=\"150\" height=\"150\" src=\"https:\/\/smile-islesurlasorgue.fr\/wp-content\/uploads\/2017\/03\/2019-09-DECO-09-150x150.jpg\" class=\"attachment-thumbnail size-thumbnail\" alt=\"\" loading=\"lazy\" srcset=\"https:\/\/smile-islesurlasorgue.fr\/wp-content\/uploads\/2017\/03\/2019-09-DECO-09-150x150.jpg 150w, https:\/\/smile-islesurlasorgue.fr\/wp-content\/uploads\/2017\/03\/2019-09-DECO-09-300x300.jpg 300w, https:\/\/smile-islesurlasorgue.fr\/wp-content\/uploads\/2017\/03\/2019-09-DECO-09-100x100.jpg 100w\" sizes=\"(max-width: 150px) 100vw, 150px\" \/><\/a>\n\t\t\t<\/dt><\/dl><dl class='gallery-item'>\n\t\t\t<dt class='gallery-icon landscape'>\n\t\t\t\t<a href='https:\/\/smile-islesurlasorgue.fr\/wp-content\/uploads\/2017\/03\/2019-09-DECO.jpg'><img width=\"150\" height=\"150\" src=\"https:\/\/smile-islesurlasorgue.fr\/wp-content\/uploads\/2017\/03\/2019-09-DECO-150x150.jpg\" class=\"attachment-thumbnail size-thumbnail\" alt=\"\" loading=\"lazy\" srcset=\"https:\/\/smile-islesurlasorgue.fr\/wp-content\/uploads\/2017\/03\/2019-09-DECO-150x150.jpg 150w, https:\/\/smile-islesurlasorgue.fr\/wp-content\/uploads\/2017\/03\/2019-09-DECO-300x300.jpg 300w, https:\/\/smile-islesurlasorgue.fr\/wp-content\/uploads\/2017\/03\/2019-09-DECO-100x100.jpg 100w\" sizes=\"(max-width: 150px) 100vw, 150px\" \/><\/a>\n\t\t\t<\/dt><\/dl>\n\t\t\t<br style='clear: both' \/>\n\t\t<\/div>\n\n<div class=\"text_exposed_show\"><\/div>\n\n\n<figure class=\"wp-block-image size-large\"><a href=\"https:\/\/smile-islesurlasorgue.fr\/wp-content\/uploads\/2025\/07\/En-te\u0302te-partenaires-2024-Smile.jpg\"><img loading=\"lazy\" width=\"724\" height=\"1024\" src=\"https:\/\/smile-islesurlasorgue.fr\/wp-content\/uploads\/2025\/07\/En-te\u0302te-partenaires-2024-Smile-724x1024.jpg\" alt=\"\" class=\"wp-image-6380\" srcset=\"https:\/\/smile-islesurlasorgue.fr\/wp-content\/uploads\/2025\/07\/En-te\u0302te-partenaires-2024-Smile-724x1024.jpg 724w, https:\/\/smile-islesurlasorgue.fr\/wp-content\/uploads\/2025\/07\/En-te\u0302te-partenaires-2024-Smile-212x300.jpg 212w, https:\/\/smile-islesurlasorgue.fr\/wp-content\/uploads\/2025\/07\/En-te\u0302te-partenaires-2024-Smile-768x1086.jpg 768w, https:\/\/smile-islesurlasorgue.fr\/wp-content\/uploads\/2025\/07\/En-te\u0302te-partenaires-2024-Smile-1086x1536.jpg 1086w, https:\/\/smile-islesurlasorgue.fr\/wp-content\/uploads\/2025\/07\/En-te\u0302te-partenaires-2024-Smile.jpg 1414w\" sizes=\"(max-width: 724px) 100vw, 724px\" \/><\/a><\/figure>\n","protected":false},"excerpt":{"rendered":"<p>Nous vous accueillons dans de nouveaux locaux, 774 route de l&rsquo;Isle \u00e0 Le Thor (Zone St V\u00e9ran) &nbsp; 210 m2 de parquet, dont une salle de cours climatis\u00e9e d&rsquo;environ 100m2, des vestiaires, des sanitaires, un accueil, un coin enfants &nbsp;<\/p>\n","protected":false},"author":1,"featured_media":0,"parent":0,"menu_order":0,"comment_status":"closed","ping_status":"closed","template":"","meta":[],"_links":{"self":[{"href":"https:\/\/smile-islesurlasorgue.fr\/index.php\/wp-json\/wp\/v2\/pages\/145"}],"collection":[{"href":"https:\/\/smile-islesurlasorgue.fr\/index.php\/wp-json\/wp\/v2\/pages"}],"about":[{"href":"https:\/\/smile-islesurlasorgue.fr\/index.php\/wp-json\/wp\/v2\/types\/page"}],"author":[{"embeddable":true,"href":"https:\/\/smile-islesurlasorgue.fr\/index.php\/wp-json\/wp\/v2\/users\/1"}],"replies":[{"embeddable":true,"href":"https:\/\/smile-islesurlasorgue.fr\/index.php\/wp-json\/wp\/v2\/comments?post=145"}],"version-history":[{"count":16,"href":"https:\/\/smile-islesurlasorgue.fr\/index.php\/wp-json\/wp\/v2\/pages\/145\/revisions"}],"predecessor-version":[{"id":5308,"href":"https:\/\/smile-islesurlasorgue.fr\/index.php\/wp-json\/wp\/v2\/pages\/145\/revisions\/5308"}],"wp:attachment":[{"href":"https:\/\/smile-islesurlasorgue.fr\/index.php\/wp-json\/wp\/v2\/media?parent=145"}],"curies":[{"name":"wp","href":"https:\/\/api.w.org\/{rel}","templated":true}]}}