{"id":2226,"date":"2018-07-10T15:37:04","date_gmt":"2018-07-10T13:37:04","guid":{"rendered":"http:\/\/smile-islesurlasorgue.fr\/?page_id=2226"},"modified":"2024-03-06T11:04:19","modified_gmt":"2024-03-06T10:04:19","slug":"rentree-2018","status":"publish","type":"page","link":"https:\/\/smile-islesurlasorgue.fr\/index.php\/rentree-2018\/","title":{"rendered":"NOS \u00c9V\u00c8NEMENTS"},"content":{"rendered":"\n<figure class=\"wp-block-image size-large\"><img loading=\"lazy\" width=\"724\" height=\"1024\" src=\"http:\/\/smile-islesurlasorgue.fr\/wp-content\/uploads\/2024\/03\/240413-STAGE-SMILE-724x1024.jpg\" alt=\"\" class=\"wp-image-5859\" srcset=\"https:\/\/smile-islesurlasorgue.fr\/wp-content\/uploads\/2024\/03\/240413-STAGE-SMILE-724x1024.jpg 724w, https:\/\/smile-islesurlasorgue.fr\/wp-content\/uploads\/2024\/03\/240413-STAGE-SMILE-212x300.jpg 212w, https:\/\/smile-islesurlasorgue.fr\/wp-content\/uploads\/2024\/03\/240413-STAGE-SMILE-768x1086.jpg 768w, https:\/\/smile-islesurlasorgue.fr\/wp-content\/uploads\/2024\/03\/240413-STAGE-SMILE-1086x1536.jpg 1086w, https:\/\/smile-islesurlasorgue.fr\/wp-content\/uploads\/2024\/03\/240413-STAGE-SMILE.jpg 1414w\" sizes=\"(max-width: 724px) 100vw, 724px\" \/><\/figure>\n\n\n\n<figure class=\"wp-block-image size-large\"><img loading=\"lazy\" width=\"724\" height=\"1024\" src=\"https:\/\/smile-islesurlasorgue.fr\/wp-content\/uploads\/2024\/03\/Stage-Danse-de-le\u0302tre-Vrs-Smile-724x1024.png\" alt=\"\" class=\"wp-image-5861\" srcset=\"https:\/\/smile-islesurlasorgue.fr\/wp-content\/uploads\/2024\/03\/Stage-Danse-de-le\u0302tre-Vrs-Smile-724x1024.png 724w, https:\/\/smile-islesurlasorgue.fr\/wp-content\/uploads\/2024\/03\/Stage-Danse-de-le\u0302tre-Vrs-Smile-212x300.png 212w, https:\/\/smile-islesurlasorgue.fr\/wp-content\/uploads\/2024\/03\/Stage-Danse-de-le\u0302tre-Vrs-Smile-768x1086.png 768w, https:\/\/smile-islesurlasorgue.fr\/wp-content\/uploads\/2024\/03\/Stage-Danse-de-le\u0302tre-Vrs-Smile-1086x1536.png 1086w, https:\/\/smile-islesurlasorgue.fr\/wp-content\/uploads\/2024\/03\/Stage-Danse-de-le\u0302tre-Vrs-Smile.png 1414w\" sizes=\"(max-width: 724px) 100vw, 724px\" \/><\/figure>\n\n\n\n<p><\/p>\n\n\n\n<figure class=\"wp-block-image size-large\"><img loading=\"lazy\" width=\"724\" height=\"1024\" src=\"https:\/\/smile-islesurlasorgue.fr\/wp-content\/uploads\/2024\/03\/sTAGE-BIEN-E\u0302TRE-724x1024.jpg\" alt=\"\" class=\"wp-image-5860\" srcset=\"https:\/\/smile-islesurlasorgue.fr\/wp-content\/uploads\/2024\/03\/sTAGE-BIEN-E\u0302TRE-724x1024.jpg 724w, https:\/\/smile-islesurlasorgue.fr\/wp-content\/uploads\/2024\/03\/sTAGE-BIEN-E\u0302TRE-212x300.jpg 212w, https:\/\/smile-islesurlasorgue.fr\/wp-content\/uploads\/2024\/03\/sTAGE-BIEN-E\u0302TRE-768x1086.jpg 768w, https:\/\/smile-islesurlasorgue.fr\/wp-content\/uploads\/2024\/03\/sTAGE-BIEN-E\u0302TRE-1086x1536.jpg 1086w, https:\/\/smile-islesurlasorgue.fr\/wp-content\/uploads\/2024\/03\/sTAGE-BIEN-E\u0302TRE.jpg 1414w\" sizes=\"(max-width: 724px) 100vw, 724px\" \/><\/figure>\n\n\n\n<figure class=\"wp-block-gallery columns-2 is-cropped\"><ul class=\"blocks-gallery-grid\"><li class=\"blocks-gallery-item\"><figure><img loading=\"lazy\" width=\"724\" height=\"1024\" src=\"http:\/\/smile-islesurlasorgue.fr\/wp-content\/uploads\/2023\/01\/2023-01-STAGE-CARITATIF-SAGE-724x1024.jpg\" alt=\"\" data-id=\"5771\" data-link=\"http:\/\/smile-islesurlasorgue.fr\/index.php\/accueil\/nos-actualites\/2023-01-stage-caritatif-sage\/#main\" class=\"wp-image-5771\" srcset=\"https:\/\/smile-islesurlasorgue.fr\/wp-content\/uploads\/2023\/01\/2023-01-STAGE-CARITATIF-SAGE-724x1024.jpg 724w, https:\/\/smile-islesurlasorgue.fr\/wp-content\/uploads\/2023\/01\/2023-01-STAGE-CARITATIF-SAGE-212x300.jpg 212w, https:\/\/smile-islesurlasorgue.fr\/wp-content\/uploads\/2023\/01\/2023-01-STAGE-CARITATIF-SAGE-768x1086.jpg 768w, https:\/\/smile-islesurlasorgue.fr\/wp-content\/uploads\/2023\/01\/2023-01-STAGE-CARITATIF-SAGE-1086x1536.jpg 1086w, https:\/\/smile-islesurlasorgue.fr\/wp-content\/uploads\/2023\/01\/2023-01-STAGE-CARITATIF-SAGE.jpg 1414w\" sizes=\"(max-width: 724px) 100vw, 724px\" \/><\/figure><\/li><li class=\"blocks-gallery-item\"><figure><img loading=\"lazy\" width=\"724\" height=\"1024\" src=\"https:\/\/smile-islesurlasorgue.fr\/wp-content\/uploads\/2024\/03\/STAGE-SELF-DEFENSE-724x1024.jpg\" alt=\"\" data-id=\"5863\" data-full-url=\"https:\/\/smile-islesurlasorgue.fr\/wp-content\/uploads\/2024\/03\/STAGE-SELF-DEFENSE.jpg\" data-link=\"https:\/\/smile-islesurlasorgue.fr\/index.php\/rentree-2018\/stage-self-defense\/#main\" class=\"wp-image-5863\" srcset=\"https:\/\/smile-islesurlasorgue.fr\/wp-content\/uploads\/2024\/03\/STAGE-SELF-DEFENSE-724x1024.jpg 724w, https:\/\/smile-islesurlasorgue.fr\/wp-content\/uploads\/2024\/03\/STAGE-SELF-DEFENSE-212x300.jpg 212w, https:\/\/smile-islesurlasorgue.fr\/wp-content\/uploads\/2024\/03\/STAGE-SELF-DEFENSE-768x1086.jpg 768w, https:\/\/smile-islesurlasorgue.fr\/wp-content\/uploads\/2024\/03\/STAGE-SELF-DEFENSE-1086x1536.jpg 1086w, https:\/\/smile-islesurlasorgue.fr\/wp-content\/uploads\/2024\/03\/STAGE-SELF-DEFENSE.jpg 1414w\" sizes=\"(max-width: 724px) 100vw, 724px\" \/><\/figure><\/li><\/ul><\/figure>\n\n\n\n<figure class=\"wp-block-image size-large\"><img loading=\"lazy\" width=\"724\" height=\"1024\" src=\"http:\/\/smile-islesurlasorgue.fr\/wp-content\/uploads\/2022\/09\/Stage-2223-Smile-724x1024.png\" alt=\"\" class=\"wp-image-5646\" srcset=\"https:\/\/smile-islesurlasorgue.fr\/wp-content\/uploads\/2022\/09\/Stage-2223-Smile-724x1024.png 724w, https:\/\/smile-islesurlasorgue.fr\/wp-content\/uploads\/2022\/09\/Stage-2223-Smile-212x300.png 212w, https:\/\/smile-islesurlasorgue.fr\/wp-content\/uploads\/2022\/09\/Stage-2223-Smile-768x1086.png 768w, https:\/\/smile-islesurlasorgue.fr\/wp-content\/uploads\/2022\/09\/Stage-2223-Smile-1086x1536.png 1086w, https:\/\/smile-islesurlasorgue.fr\/wp-content\/uploads\/2022\/09\/Stage-2223-Smile-1448x2048.png 1448w, https:\/\/smile-islesurlasorgue.fr\/wp-content\/uploads\/2022\/09\/Stage-2223-Smile.png 1587w\" sizes=\"(max-width: 724px) 100vw, 724px\" \/><\/figure>\n\n\n\n<figure class=\"wp-block-image size-large\"><img loading=\"lazy\" width=\"724\" height=\"1024\" src=\"http:\/\/smile-islesurlasorgue.fr\/wp-content\/uploads\/2022\/05\/Cours-de\u0301couverteSTEP-724x1024.jpg\" alt=\"\" class=\"wp-image-5489\" srcset=\"https:\/\/smile-islesurlasorgue.fr\/wp-content\/uploads\/2022\/05\/Cours-de\u0301couverteSTEP-724x1024.jpg 724w, https:\/\/smile-islesurlasorgue.fr\/wp-content\/uploads\/2022\/05\/Cours-de\u0301couverteSTEP-212x300.jpg 212w, https:\/\/smile-islesurlasorgue.fr\/wp-content\/uploads\/2022\/05\/Cours-de\u0301couverteSTEP-768x1086.jpg 768w, https:\/\/smile-islesurlasorgue.fr\/wp-content\/uploads\/2022\/05\/Cours-de\u0301couverteSTEP.jpg 794w\" sizes=\"(max-width: 724px) 100vw, 724px\" \/><\/figure>\n\n\n\n<p><\/p>\n\n\n\n<figure class=\"wp-block-image size-large\"><img loading=\"lazy\" width=\"1024\" height=\"724\" src=\"http:\/\/smile-islesurlasorgue.fr\/wp-content\/uploads\/2022\/03\/STAGE-LYRICAL-1-1024x724.jpg\" alt=\"\" class=\"wp-image-5469\" srcset=\"https:\/\/smile-islesurlasorgue.fr\/wp-content\/uploads\/2022\/03\/STAGE-LYRICAL-1-1024x724.jpg 1024w, https:\/\/smile-islesurlasorgue.fr\/wp-content\/uploads\/2022\/03\/STAGE-LYRICAL-1-300x212.jpg 300w, https:\/\/smile-islesurlasorgue.fr\/wp-content\/uploads\/2022\/03\/STAGE-LYRICAL-1-768x543.jpg 768w, https:\/\/smile-islesurlasorgue.fr\/wp-content\/uploads\/2022\/03\/STAGE-LYRICAL-1-1536x1086.jpg 1536w, https:\/\/smile-islesurlasorgue.fr\/wp-content\/uploads\/2022\/03\/STAGE-LYRICAL-1-2048x1448.jpg 2048w\" sizes=\"(max-width: 1024px) 100vw, 1024px\" \/><\/figure>\n\n\n\n<p><\/p>\n\n\n\n<figure class=\"wp-block-image size-large\"><img loading=\"lazy\" width=\"724\" height=\"1024\" src=\"http:\/\/smile-islesurlasorgue.fr\/wp-content\/uploads\/2022\/03\/Cours-de\u0301couverte-724x1024.jpg\" alt=\"\" class=\"wp-image-5468\" srcset=\"https:\/\/smile-islesurlasorgue.fr\/wp-content\/uploads\/2022\/03\/Cours-de\u0301couverte-724x1024.jpg 724w, https:\/\/smile-islesurlasorgue.fr\/wp-content\/uploads\/2022\/03\/Cours-de\u0301couverte-212x300.jpg 212w, https:\/\/smile-islesurlasorgue.fr\/wp-content\/uploads\/2022\/03\/Cours-de\u0301couverte-768x1086.jpg 768w, https:\/\/smile-islesurlasorgue.fr\/wp-content\/uploads\/2022\/03\/Cours-de\u0301couverte-1086x1536.jpg 1086w, https:\/\/smile-islesurlasorgue.fr\/wp-content\/uploads\/2022\/03\/Cours-de\u0301couverte-1448x2048.jpg 1448w, https:\/\/smile-islesurlasorgue.fr\/wp-content\/uploads\/2022\/03\/Cours-de\u0301couverte-scaled.jpg 1810w\" sizes=\"(max-width: 724px) 100vw, 724px\" \/><\/figure>\n\n\n\n<figure class=\"wp-block-image size-large\"><img loading=\"lazy\" width=\"724\" height=\"1024\" src=\"http:\/\/smile-islesurlasorgue.fr\/wp-content\/uploads\/2022\/03\/COURS-DESSAI-STRONG-NATION-1-724x1024.jpg\" alt=\"\" class=\"wp-image-5471\" srcset=\"https:\/\/smile-islesurlasorgue.fr\/wp-content\/uploads\/2022\/03\/COURS-DESSAI-STRONG-NATION-1-724x1024.jpg 724w, https:\/\/smile-islesurlasorgue.fr\/wp-content\/uploads\/2022\/03\/COURS-DESSAI-STRONG-NATION-1-212x300.jpg 212w, https:\/\/smile-islesurlasorgue.fr\/wp-content\/uploads\/2022\/03\/COURS-DESSAI-STRONG-NATION-1-768x1086.jpg 768w, https:\/\/smile-islesurlasorgue.fr\/wp-content\/uploads\/2022\/03\/COURS-DESSAI-STRONG-NATION-1-1086x1536.jpg 1086w, https:\/\/smile-islesurlasorgue.fr\/wp-content\/uploads\/2022\/03\/COURS-DESSAI-STRONG-NATION-1.jpg 1414w\" sizes=\"(max-width: 724px) 100vw, 724px\" \/><\/figure>\n\n\n\n<figure class=\"wp-block-image size-large\"><img loading=\"lazy\" width=\"1024\" height=\"724\" src=\"http:\/\/smile-islesurlasorgue.fr\/wp-content\/uploads\/2022\/03\/2022-05-FESTIVAL-DE-SMILE-1024x724.jpg\" alt=\"\" class=\"wp-image-5470\" srcset=\"https:\/\/smile-islesurlasorgue.fr\/wp-content\/uploads\/2022\/03\/2022-05-FESTIVAL-DE-SMILE-1024x724.jpg 1024w, https:\/\/smile-islesurlasorgue.fr\/wp-content\/uploads\/2022\/03\/2022-05-FESTIVAL-DE-SMILE-300x212.jpg 300w, https:\/\/smile-islesurlasorgue.fr\/wp-content\/uploads\/2022\/03\/2022-05-FESTIVAL-DE-SMILE-768x543.jpg 768w, https:\/\/smile-islesurlasorgue.fr\/wp-content\/uploads\/2022\/03\/2022-05-FESTIVAL-DE-SMILE-1536x1086.jpg 1536w, https:\/\/smile-islesurlasorgue.fr\/wp-content\/uploads\/2022\/03\/2022-05-FESTIVAL-DE-SMILE-2048x1448.jpg 2048w\" sizes=\"(max-width: 1024px) 100vw, 1024px\" \/><\/figure>\n\n\n\n<p><\/p>\n\n\n\n<figure class=\"wp-block-image size-large\"><img loading=\"lazy\" width=\"724\" height=\"1024\" src=\"http:\/\/smile-islesurlasorgue.fr\/wp-content\/uploads\/2021\/09\/SAMEDI-210-13H30-SAMEDI-2711-11H-724x1024.jpg\" alt=\"\" class=\"wp-image-5378\" srcset=\"https:\/\/smile-islesurlasorgue.fr\/wp-content\/uploads\/2021\/09\/SAMEDI-210-13H30-SAMEDI-2711-11H-724x1024.jpg 724w, https:\/\/smile-islesurlasorgue.fr\/wp-content\/uploads\/2021\/09\/SAMEDI-210-13H30-SAMEDI-2711-11H-212x300.jpg 212w, https:\/\/smile-islesurlasorgue.fr\/wp-content\/uploads\/2021\/09\/SAMEDI-210-13H30-SAMEDI-2711-11H-768x1086.jpg 768w, https:\/\/smile-islesurlasorgue.fr\/wp-content\/uploads\/2021\/09\/SAMEDI-210-13H30-SAMEDI-2711-11H-1086x1536.jpg 1086w, https:\/\/smile-islesurlasorgue.fr\/wp-content\/uploads\/2021\/09\/SAMEDI-210-13H30-SAMEDI-2711-11H.jpg 1414w\" sizes=\"(max-width: 724px) 100vw, 724px\" \/><\/figure>\n\n\n\n<figure class=\"wp-block-image size-large\"><img loading=\"lazy\" width=\"724\" height=\"1024\" src=\"http:\/\/smile-islesurlasorgue.fr\/wp-content\/uploads\/2021\/09\/cabaret-15h-1-1-724x1024.jpg\" alt=\"\" class=\"wp-image-5375\" srcset=\"https:\/\/smile-islesurlasorgue.fr\/wp-content\/uploads\/2021\/09\/cabaret-15h-1-1-724x1024.jpg 724w, https:\/\/smile-islesurlasorgue.fr\/wp-content\/uploads\/2021\/09\/cabaret-15h-1-1-212x300.jpg 212w, https:\/\/smile-islesurlasorgue.fr\/wp-content\/uploads\/2021\/09\/cabaret-15h-1-1-768x1086.jpg 768w, https:\/\/smile-islesurlasorgue.fr\/wp-content\/uploads\/2021\/09\/cabaret-15h-1-1-1086x1536.jpg 1086w, https:\/\/smile-islesurlasorgue.fr\/wp-content\/uploads\/2021\/09\/cabaret-15h-1-1.jpg 1414w\" sizes=\"(max-width: 724px) 100vw, 724px\" \/><\/figure>\n\n\n<p>Voil\u00e0 quelques un de nos \u00e9v\u00e8nements de ce d\u00e9but d&rsquo;ann\u00e9e!<\/p>\n<p>Pensez \u00e0 r\u00e9server en ce qui concerne les stages!<\/p>\n<p><\/p>\n<p><a href=\"http:\/\/smile-islesurlasorgue.fr\/wp-content\/uploads\/2018\/07\/2020-09-20-Loto.jpg\"><img loading=\"lazy\" class=\"aligncenter size-medium wp-image-4780\" src=\"http:\/\/smile-islesurlasorgue.fr\/wp-content\/uploads\/2018\/07\/2020-09-20-Loto-212x300.jpg\" alt=\"\" width=\"212\" height=\"300\" srcset=\"https:\/\/smile-islesurlasorgue.fr\/wp-content\/uploads\/2018\/07\/2020-09-20-Loto-212x300.jpg 212w, https:\/\/smile-islesurlasorgue.fr\/wp-content\/uploads\/2018\/07\/2020-09-20-Loto-600x849.jpg 600w, https:\/\/smile-islesurlasorgue.fr\/wp-content\/uploads\/2018\/07\/2020-09-20-Loto-768x1086.jpg 768w, https:\/\/smile-islesurlasorgue.fr\/wp-content\/uploads\/2018\/07\/2020-09-20-Loto-724x1024.jpg 724w, https:\/\/smile-islesurlasorgue.fr\/wp-content\/uploads\/2018\/07\/2020-09-20-Loto.jpg 1587w\" sizes=\"(max-width: 212px) 100vw, 212px\" \/><\/a><\/p>\n<p><a href=\"http:\/\/smile-islesurlasorgue.fr\/wp-content\/uploads\/2018\/07\/2020-STAGES-1.jpg\"><img loading=\"lazy\" class=\"aligncenter size-medium wp-image-4781\" src=\"http:\/\/smile-islesurlasorgue.fr\/wp-content\/uploads\/2018\/07\/2020-STAGES-1-212x300.jpg\" alt=\"\" width=\"212\" height=\"300\" srcset=\"https:\/\/smile-islesurlasorgue.fr\/wp-content\/uploads\/2018\/07\/2020-STAGES-1-212x300.jpg 212w, https:\/\/smile-islesurlasorgue.fr\/wp-content\/uploads\/2018\/07\/2020-STAGES-1-600x849.jpg 600w, https:\/\/smile-islesurlasorgue.fr\/wp-content\/uploads\/2018\/07\/2020-STAGES-1-768x1086.jpg 768w, https:\/\/smile-islesurlasorgue.fr\/wp-content\/uploads\/2018\/07\/2020-STAGES-1-724x1024.jpg 724w, https:\/\/smile-islesurlasorgue.fr\/wp-content\/uploads\/2018\/07\/2020-STAGES-1.jpg 1414w\" sizes=\"(max-width: 212px) 100vw, 212px\" \/><\/a><\/p>\n<p><a href=\"http:\/\/smile-islesurlasorgue.fr\/wp-content\/uploads\/2018\/07\/2020-STAGES-BIEN-ETRE-1.jpg\"><img loading=\"lazy\" class=\"aligncenter size-medium wp-image-4782\" src=\"http:\/\/smile-islesurlasorgue.fr\/wp-content\/uploads\/2018\/07\/2020-STAGES-BIEN-ETRE-1-212x300.jpg\" alt=\"\" width=\"212\" height=\"300\" srcset=\"https:\/\/smile-islesurlasorgue.fr\/wp-content\/uploads\/2018\/07\/2020-STAGES-BIEN-ETRE-1-212x300.jpg 212w, https:\/\/smile-islesurlasorgue.fr\/wp-content\/uploads\/2018\/07\/2020-STAGES-BIEN-ETRE-1-600x849.jpg 600w, https:\/\/smile-islesurlasorgue.fr\/wp-content\/uploads\/2018\/07\/2020-STAGES-BIEN-ETRE-1-768x1086.jpg 768w, https:\/\/smile-islesurlasorgue.fr\/wp-content\/uploads\/2018\/07\/2020-STAGES-BIEN-ETRE-1-724x1024.jpg 724w, https:\/\/smile-islesurlasorgue.fr\/wp-content\/uploads\/2018\/07\/2020-STAGES-BIEN-ETRE-1.jpg 1414w\" sizes=\"(max-width: 212px) 100vw, 212px\" \/><\/a><\/p>\n<p><a href=\"http:\/\/smile-islesurlasorgue.fr\/wp-content\/uploads\/2018\/07\/2020-10-03-pound.jpg\"><img loading=\"lazy\" class=\"aligncenter size-medium wp-image-4792\" src=\"http:\/\/smile-islesurlasorgue.fr\/wp-content\/uploads\/2018\/07\/2020-10-03-pound-212x300.jpg\" alt=\"\" width=\"212\" height=\"300\" srcset=\"https:\/\/smile-islesurlasorgue.fr\/wp-content\/uploads\/2018\/07\/2020-10-03-pound-212x300.jpg 212w, https:\/\/smile-islesurlasorgue.fr\/wp-content\/uploads\/2018\/07\/2020-10-03-pound-600x849.jpg 600w, https:\/\/smile-islesurlasorgue.fr\/wp-content\/uploads\/2018\/07\/2020-10-03-pound-768x1086.jpg 768w, https:\/\/smile-islesurlasorgue.fr\/wp-content\/uploads\/2018\/07\/2020-10-03-pound-724x1024.jpg 724w, https:\/\/smile-islesurlasorgue.fr\/wp-content\/uploads\/2018\/07\/2020-10-03-pound.jpg 1414w\" sizes=\"(max-width: 212px) 100vw, 212px\" \/><\/a><\/p>\n<p><a href=\"http:\/\/smile-islesurlasorgue.fr\/wp-content\/uploads\/2018\/07\/2020-10-03-stage-martial.jpg\"><img loading=\"lazy\" class=\"aligncenter size-medium wp-image-4793\" src=\"http:\/\/smile-islesurlasorgue.fr\/wp-content\/uploads\/2018\/07\/2020-10-03-stage-martial-212x300.jpg\" alt=\"\" width=\"212\" height=\"300\" srcset=\"https:\/\/smile-islesurlasorgue.fr\/wp-content\/uploads\/2018\/07\/2020-10-03-stage-martial-212x300.jpg 212w, https:\/\/smile-islesurlasorgue.fr\/wp-content\/uploads\/2018\/07\/2020-10-03-stage-martial-600x849.jpg 600w, https:\/\/smile-islesurlasorgue.fr\/wp-content\/uploads\/2018\/07\/2020-10-03-stage-martial-768x1086.jpg 768w, https:\/\/smile-islesurlasorgue.fr\/wp-content\/uploads\/2018\/07\/2020-10-03-stage-martial-724x1024.jpg 724w, https:\/\/smile-islesurlasorgue.fr\/wp-content\/uploads\/2018\/07\/2020-10-03-stage-martial.jpg 1414w\" sizes=\"(max-width: 212px) 100vw, 212px\" \/><\/a><\/p>\n<p><a href=\"http:\/\/smile-islesurlasorgue.fr\/wp-content\/uploads\/2018\/07\/2020-10-STAGE-BOLLY.jpg\"><img loading=\"lazy\" class=\"aligncenter size-medium wp-image-4795\" src=\"http:\/\/smile-islesurlasorgue.fr\/wp-content\/uploads\/2018\/07\/2020-10-STAGE-BOLLY-212x300.jpg\" alt=\"\" width=\"212\" height=\"300\" srcset=\"https:\/\/smile-islesurlasorgue.fr\/wp-content\/uploads\/2018\/07\/2020-10-STAGE-BOLLY-212x300.jpg 212w, https:\/\/smile-islesurlasorgue.fr\/wp-content\/uploads\/2018\/07\/2020-10-STAGE-BOLLY-600x849.jpg 600w, https:\/\/smile-islesurlasorgue.fr\/wp-content\/uploads\/2018\/07\/2020-10-STAGE-BOLLY-768x1086.jpg 768w, https:\/\/smile-islesurlasorgue.fr\/wp-content\/uploads\/2018\/07\/2020-10-STAGE-BOLLY-724x1024.jpg 724w, https:\/\/smile-islesurlasorgue.fr\/wp-content\/uploads\/2018\/07\/2020-10-STAGE-BOLLY.jpg 1587w\" sizes=\"(max-width: 212px) 100vw, 212px\" \/><\/a><\/p>\n<p><a href=\"http:\/\/smile-islesurlasorgue.fr\/wp-content\/uploads\/2018\/07\/Samedi-17-Octobre.jpg\"><img loading=\"lazy\" class=\"aligncenter size-medium wp-image-4783\" src=\"http:\/\/smile-islesurlasorgue.fr\/wp-content\/uploads\/2018\/07\/Samedi-17-Octobre-212x300.jpg\" alt=\"\" width=\"212\" height=\"300\" srcset=\"https:\/\/smile-islesurlasorgue.fr\/wp-content\/uploads\/2018\/07\/Samedi-17-Octobre-212x300.jpg 212w, https:\/\/smile-islesurlasorgue.fr\/wp-content\/uploads\/2018\/07\/Samedi-17-Octobre-600x849.jpg 600w, https:\/\/smile-islesurlasorgue.fr\/wp-content\/uploads\/2018\/07\/Samedi-17-Octobre-768x1086.jpg 768w, https:\/\/smile-islesurlasorgue.fr\/wp-content\/uploads\/2018\/07\/Samedi-17-Octobre-724x1024.jpg 724w, https:\/\/smile-islesurlasorgue.fr\/wp-content\/uploads\/2018\/07\/Samedi-17-Octobre.jpg 1414w\" sizes=\"(max-width: 212px) 100vw, 212px\" \/><\/a><\/p>\n<p><\/p>\n<p><a href=\"http:\/\/smile-islesurlasorgue.fr\/wp-content\/uploads\/2018\/07\/2020-11-21-STAGE-MARTIAL-ET-LUDIVINE.jpg\"><img loading=\"lazy\" class=\"aligncenter size-medium wp-image-4798\" src=\"http:\/\/smile-islesurlasorgue.fr\/wp-content\/uploads\/2018\/07\/2020-11-21-STAGE-MARTIAL-ET-LUDIVINE-212x300.jpg\" alt=\"\" width=\"212\" height=\"300\" srcset=\"https:\/\/smile-islesurlasorgue.fr\/wp-content\/uploads\/2018\/07\/2020-11-21-STAGE-MARTIAL-ET-LUDIVINE-212x300.jpg 212w, https:\/\/smile-islesurlasorgue.fr\/wp-content\/uploads\/2018\/07\/2020-11-21-STAGE-MARTIAL-ET-LUDIVINE-600x849.jpg 600w, https:\/\/smile-islesurlasorgue.fr\/wp-content\/uploads\/2018\/07\/2020-11-21-STAGE-MARTIAL-ET-LUDIVINE-768x1086.jpg 768w, https:\/\/smile-islesurlasorgue.fr\/wp-content\/uploads\/2018\/07\/2020-11-21-STAGE-MARTIAL-ET-LUDIVINE-724x1024.jpg 724w, https:\/\/smile-islesurlasorgue.fr\/wp-content\/uploads\/2018\/07\/2020-11-21-STAGE-MARTIAL-ET-LUDIVINE.jpg 1414w\" sizes=\"(max-width: 212px) 100vw, 212px\" \/><\/a><\/p>\n<p><\/p>\n\n\n<figure class=\"wp-block-image size-large\"><a href=\"https:\/\/smile-islesurlasorgue.fr\/wp-content\/uploads\/2025\/07\/En-te\u0302te-partenaires-2024-Smile.jpg\"><img loading=\"lazy\" width=\"724\" height=\"1024\" src=\"https:\/\/smile-islesurlasorgue.fr\/wp-content\/uploads\/2025\/07\/En-te\u0302te-partenaires-2024-Smile-724x1024.jpg\" alt=\"\" class=\"wp-image-6380\" srcset=\"https:\/\/smile-islesurlasorgue.fr\/wp-content\/uploads\/2025\/07\/En-te\u0302te-partenaires-2024-Smile-724x1024.jpg 724w, https:\/\/smile-islesurlasorgue.fr\/wp-content\/uploads\/2025\/07\/En-te\u0302te-partenaires-2024-Smile-212x300.jpg 212w, https:\/\/smile-islesurlasorgue.fr\/wp-content\/uploads\/2025\/07\/En-te\u0302te-partenaires-2024-Smile-768x1086.jpg 768w, https:\/\/smile-islesurlasorgue.fr\/wp-content\/uploads\/2025\/07\/En-te\u0302te-partenaires-2024-Smile-1086x1536.jpg 1086w, https:\/\/smile-islesurlasorgue.fr\/wp-content\/uploads\/2025\/07\/En-te\u0302te-partenaires-2024-Smile.jpg 1414w\" sizes=\"(max-width: 724px) 100vw, 724px\" \/><\/a><\/figure>\n\n\n\n<p><\/p>\n","protected":false},"excerpt":{"rendered":"<p>Voil\u00e0 quelques un de nos \u00e9v\u00e8nements de ce d\u00e9but d&rsquo;ann\u00e9e! Pensez \u00e0 r\u00e9server en ce qui concerne les stages!<\/p>\n","protected":false},"author":1,"featured_media":4783,"parent":0,"menu_order":0,"comment_status":"closed","ping_status":"closed","template":"","meta":[],"_links":{"self":[{"href":"https:\/\/smile-islesurlasorgue.fr\/index.php\/wp-json\/wp\/v2\/pages\/2226"}],"collection":[{"href":"https:\/\/smile-islesurlasorgue.fr\/index.php\/wp-json\/wp\/v2\/pages"}],"about":[{"href":"https:\/\/smile-islesurlasorgue.fr\/index.php\/wp-json\/wp\/v2\/types\/page"}],"author":[{"embeddable":true,"href":"https:\/\/smile-islesurlasorgue.fr\/index.php\/wp-json\/wp\/v2\/users\/1"}],"replies":[{"embeddable":true,"href":"https:\/\/smile-islesurlasorgue.fr\/index.php\/wp-json\/wp\/v2\/comments?post=2226"}],"version-history":[{"count":32,"href":"https:\/\/smile-islesurlasorgue.fr\/index.php\/wp-json\/wp\/v2\/pages\/2226\/revisions"}],"predecessor-version":[{"id":5864,"href":"https:\/\/smile-islesurlasorgue.fr\/index.php\/wp-json\/wp\/v2\/pages\/2226\/revisions\/5864"}],"wp:featuredmedia":[{"embeddable":true,"href":"https:\/\/smile-islesurlasorgue.fr\/index.php\/wp-json\/wp\/v2\/media\/4783"}],"wp:attachment":[{"href":"https:\/\/smile-islesurlasorgue.fr\/index.php\/wp-json\/wp\/v2\/media?parent=2226"}],"curies":[{"name":"wp","href":"https:\/\/api.w.org\/{rel}","templated":true}]}}