{"id":262,"date":"2017-04-04T21:45:16","date_gmt":"2017-04-04T19:45:16","guid":{"rendered":"http:\/\/smile-islesurlasorgue.fr\/?page_id=262"},"modified":"2017-04-10T21:55:16","modified_gmt":"2017-04-10T19:55:16","slug":"coaching","status":"publish","type":"page","link":"https:\/\/smile-islesurlasorgue.fr\/index.php\/coaching\/","title":{"rendered":"COACHING ET PETITS COLLECTIFS"},"content":{"rendered":"<h4>BESOIN D&rsquo;UN AUTRE TYPE D&rsquo;ENTRAINEMENT?<\/h4>\n<h4>VOUS SOUHAITEZ VOUS ENTRAINER EN GROUPE CONCU PAR VOS SOINS, AVEC VOS OBJECTIFS PERSONNELS?<\/h4>\n<h3><\/h3>\n<h4>Besoin d&rsquo;aller plus loin, de pousser vos objectifs?<\/h4>\n<h4>Vous n&rsquo;arrivez pas \u00e0 atteindre vos objectifs et avez besoin de conseils, d&rsquo;outils et de s\u00e9ances performantes?<\/h4>\n<h4>Probl\u00e8me de motivation?<\/h4>\n<h4>Vous cherchez les outils pour \u00eatre performant?<\/h4>\n<h4>Vous faites face \u00e0 un probl\u00e8me physique n\u00e9cessitant une attention particuli\u00e8re?<\/h4>\n<h4>Vous souhaitez acqu\u00e9rir les bases dans un cours afin d&rsquo;\u00eatre au niveau et suivre votre cours favori?<\/h4>\n<p>3 COACHS SPORTIFS, 1 COACH YOGA, 2 COACHS DANSE sont disponibles pour vous \u00e9laborer un programme et de s&rsquo;occuper de vous.<\/p>\n<p>Ici, ce n&rsquo;est pas vous qui vous adaptez au cours, mais le coach qui s&rsquo;adapte \u00e0 vous.<\/p>\n<p>&nbsp;<\/p>\n<p>Nous pouvons vous renseigner \u00e0 l&rsquo;accueil ou au 0603980720 sur les coachs \u00e0 votre disposition.<\/p>\n<p>&nbsp;<\/p>\n<h2>PERTE DE POIDS\/TONIFICATION\/REATHLETISATION\/PERFORMANCE\/POSTURE\/SOUPLESSE\/PREPARATION D&rsquo;EVENEMENT (comp\u00e9tition, mariage, concours, tests&#8230;)\/SPECIFICITE DISCIPLINE\/TECHNIQUE DE DANSE\/CREATION ARTISTIQUE&#8230;..<\/h2>\n","protected":false},"excerpt":{"rendered":"<p>BESOIN D&rsquo;UN AUTRE TYPE D&rsquo;ENTRAINEMENT? VOUS SOUHAITEZ VOUS ENTRAINER EN GROUPE CONCU PAR VOS SOINS, AVEC VOS OBJECTIFS PERSONNELS? Besoin d&rsquo;aller plus loin, de pousser vos objectifs? Vous n&rsquo;arrivez pas \u00e0 atteindre vos objectifs et avez besoin de conseils, d&rsquo;outils et de s\u00e9ances performantes? Probl\u00e8me de motivation? Vous cherchez les outils pour \u00eatre performant? Vous [&hellip;]<\/p>\n","protected":false},"author":1,"featured_media":263,"parent":0,"menu_order":0,"comment_status":"closed","ping_status":"closed","template":"","meta":[],"_links":{"self":[{"href":"https:\/\/smile-islesurlasorgue.fr\/index.php\/wp-json\/wp\/v2\/pages\/262"}],"collection":[{"href":"https:\/\/smile-islesurlasorgue.fr\/index.php\/wp-json\/wp\/v2\/pages"}],"about":[{"href":"https:\/\/smile-islesurlasorgue.fr\/index.php\/wp-json\/wp\/v2\/types\/page"}],"author":[{"embeddable":true,"href":"https:\/\/smile-islesurlasorgue.fr\/index.php\/wp-json\/wp\/v2\/users\/1"}],"replies":[{"embeddable":true,"href":"https:\/\/smile-islesurlasorgue.fr\/index.php\/wp-json\/wp\/v2\/comments?post=262"}],"version-history":[{"count":9,"href":"https:\/\/smile-islesurlasorgue.fr\/index.php\/wp-json\/wp\/v2\/pages\/262\/revisions"}],"predecessor-version":[{"id":352,"href":"https:\/\/smile-islesurlasorgue.fr\/index.php\/wp-json\/wp\/v2\/pages\/262\/revisions\/352"}],"wp:featuredmedia":[{"embeddable":true,"href":"https:\/\/smile-islesurlasorgue.fr\/index.php\/wp-json\/wp\/v2\/media\/263"}],"wp:attachment":[{"href":"https:\/\/smile-islesurlasorgue.fr\/index.php\/wp-json\/wp\/v2\/media?parent=262"}],"curies":[{"name":"wp","href":"https:\/\/api.w.org\/{rel}","templated":true}]}}