{"id":3565,"date":"2019-10-04T21:45:05","date_gmt":"2019-10-04T19:45:05","guid":{"rendered":"http:\/\/smile-islesurlasorgue.fr\/?page_id=3565"},"modified":"2019-10-04T21:45:14","modified_gmt":"2019-10-04T19:45:14","slug":"octobre-rose","status":"publish","type":"page","link":"https:\/\/smile-islesurlasorgue.fr\/index.php\/octobre-rose\/","title":{"rendered":"OCTOBRE ROSE"},"content":{"rendered":"<p>Comma chaque ann\u00e9e, Smile s&rsquo;associe \u00e0 la lutte contre le cancer du sein.<\/p>\n<p>&nbsp;<\/p>\n<p>Vente de T shirts, participation au Zumbathon, urne, informations sur le d\u00e9pistage&#8230;.<\/p>\n<p>&nbsp;<\/p>\n<p><a href=\"http:\/\/smile-islesurlasorgue.fr\/wp-content\/uploads\/2019\/10\/POUR-CHAQUE-T-SHIRT-OCTOBRE-ROSE-ACHETE-TOUS-LES-BENEFICES-REVERSES-A-LA-LUTTE-CONTRE-LE-CANCER-DU-SEIN.jpg\"><img loading=\"lazy\" class=\"aligncenter size-medium wp-image-3566\" src=\"http:\/\/smile-islesurlasorgue.fr\/wp-content\/uploads\/2019\/10\/POUR-CHAQUE-T-SHIRT-OCTOBRE-ROSE-ACHETE-TOUS-LES-BENEFICES-REVERSES-A-LA-LUTTE-CONTRE-LE-CANCER-DU-SEIN-212x300.jpg\" alt=\"\" width=\"212\" height=\"300\" srcset=\"https:\/\/smile-islesurlasorgue.fr\/wp-content\/uploads\/2019\/10\/POUR-CHAQUE-T-SHIRT-OCTOBRE-ROSE-ACHETE-TOUS-LES-BENEFICES-REVERSES-A-LA-LUTTE-CONTRE-LE-CANCER-DU-SEIN-212x300.jpg 212w, https:\/\/smile-islesurlasorgue.fr\/wp-content\/uploads\/2019\/10\/POUR-CHAQUE-T-SHIRT-OCTOBRE-ROSE-ACHETE-TOUS-LES-BENEFICES-REVERSES-A-LA-LUTTE-CONTRE-LE-CANCER-DU-SEIN-600x849.jpg 600w, https:\/\/smile-islesurlasorgue.fr\/wp-content\/uploads\/2019\/10\/POUR-CHAQUE-T-SHIRT-OCTOBRE-ROSE-ACHETE-TOUS-LES-BENEFICES-REVERSES-A-LA-LUTTE-CONTRE-LE-CANCER-DU-SEIN-768x1086.jpg 768w, https:\/\/smile-islesurlasorgue.fr\/wp-content\/uploads\/2019\/10\/POUR-CHAQUE-T-SHIRT-OCTOBRE-ROSE-ACHETE-TOUS-LES-BENEFICES-REVERSES-A-LA-LUTTE-CONTRE-LE-CANCER-DU-SEIN-724x1024.jpg 724w, https:\/\/smile-islesurlasorgue.fr\/wp-content\/uploads\/2019\/10\/POUR-CHAQUE-T-SHIRT-OCTOBRE-ROSE-ACHETE-TOUS-LES-BENEFICES-REVERSES-A-LA-LUTTE-CONTRE-LE-CANCER-DU-SEIN.jpg 794w\" sizes=\"(max-width: 212px) 100vw, 212px\" \/><\/a><\/p>\n","protected":false},"excerpt":{"rendered":"<p>Comma chaque ann\u00e9e, Smile s&rsquo;associe \u00e0 la lutte contre le cancer du sein. &nbsp; Vente de T shirts, participation au Zumbathon, urne, informations sur le d\u00e9pistage&#8230;. &nbsp;<\/p>\n","protected":false},"author":1,"featured_media":3566,"parent":0,"menu_order":0,"comment_status":"closed","ping_status":"closed","template":"","meta":[],"_links":{"self":[{"href":"https:\/\/smile-islesurlasorgue.fr\/index.php\/wp-json\/wp\/v2\/pages\/3565"}],"collection":[{"href":"https:\/\/smile-islesurlasorgue.fr\/index.php\/wp-json\/wp\/v2\/pages"}],"about":[{"href":"https:\/\/smile-islesurlasorgue.fr\/index.php\/wp-json\/wp\/v2\/types\/page"}],"author":[{"embeddable":true,"href":"https:\/\/smile-islesurlasorgue.fr\/index.php\/wp-json\/wp\/v2\/users\/1"}],"replies":[{"embeddable":true,"href":"https:\/\/smile-islesurlasorgue.fr\/index.php\/wp-json\/wp\/v2\/comments?post=3565"}],"version-history":[{"count":1,"href":"https:\/\/smile-islesurlasorgue.fr\/index.php\/wp-json\/wp\/v2\/pages\/3565\/revisions"}],"predecessor-version":[{"id":3568,"href":"https:\/\/smile-islesurlasorgue.fr\/index.php\/wp-json\/wp\/v2\/pages\/3565\/revisions\/3568"}],"wp:featuredmedia":[{"embeddable":true,"href":"https:\/\/smile-islesurlasorgue.fr\/index.php\/wp-json\/wp\/v2\/media\/3566"}],"wp:attachment":[{"href":"https:\/\/smile-islesurlasorgue.fr\/index.php\/wp-json\/wp\/v2\/media?parent=3565"}],"curies":[{"name":"wp","href":"https:\/\/api.w.org\/{rel}","templated":true}]}}