{"id":407,"date":"2017-04-16T22:24:36","date_gmt":"2017-04-16T20:24:36","guid":{"rendered":"http:\/\/smile-islesurlasorgue.fr\/?page_id=407"},"modified":"2023-09-10T16:13:14","modified_gmt":"2023-09-10T14:13:14","slug":"accueil","status":"publish","type":"page","link":"https:\/\/smile-islesurlasorgue.fr\/","title":{"rendered":"ACCUEIL"},"content":{"rendered":"<p>Voil\u00e0 une petite vid\u00e9o de pr\u00e9sentation de nos services:<\/p>\n<p>\u00a0<\/p>\n<p><a href=\"https:\/\/youtu.be\/iHfPdGuMz7k\">Vid\u00e9o de pr\u00e9sentation Smile. \u00a0 <\/a><a href=\"https:\/\/youtu.be\/iHfPdGuMz7k\">https:\/\/youtu.be\/iHfPdGuMz7k<\/a><\/p>\n<p>\u00a0<\/p>\n<h2 style=\"text-align: center;\">NOS DISCIPLINES:<\/h2>\n<h5 style=\"text-align: left;\"><a href=\"http:\/\/smile-islesurlasorgue.fr\/index.php\/nos-cours\/bien-etre\/\" rel=\"attachment wp-att-173\"><img loading=\"lazy\" class=\"wp-image-173 alignleft\" src=\"http:\/\/smile-islesurlasorgue.fr\/wp-content\/uploads\/2017\/03\/fitness-silhouette-girl-recreation-fitness-fitness-silhouettes-IckWOg-clipart.png\" alt=\"\" width=\"135\" height=\"194\" \/><\/a><a href=\"http:\/\/smile-islesurlasorgue.fr\/index.php\/nos-cours\/\">\u00a0Pour d\u00e9couvrir nos cours, plus d&rsquo;infos ici !<\/a><a href=\"http:\/\/smile-islesurlasorgue.fr\/wp-content\/uploads\/2017\/04\/sticker-silhouette-danse-contemporaine-7756.png\"><img loading=\"lazy\" class=\"aligncenter wp-image-3331 size-thumbnail\" src=\"http:\/\/smile-islesurlasorgue.fr\/wp-content\/uploads\/2017\/04\/sticker-silhouette-danse-contemporaine-7756-150x150.png\" alt=\"\" width=\"150\" height=\"150\" srcset=\"https:\/\/smile-islesurlasorgue.fr\/wp-content\/uploads\/2017\/04\/sticker-silhouette-danse-contemporaine-7756-150x150.png 150w, https:\/\/smile-islesurlasorgue.fr\/wp-content\/uploads\/2017\/04\/sticker-silhouette-danse-contemporaine-7756-300x300.png 300w, https:\/\/smile-islesurlasorgue.fr\/wp-content\/uploads\/2017\/04\/sticker-silhouette-danse-contemporaine-7756-100x100.png 100w, https:\/\/smile-islesurlasorgue.fr\/wp-content\/uploads\/2017\/04\/sticker-silhouette-danse-contemporaine-7756-298x300.png 298w, https:\/\/smile-islesurlasorgue.fr\/wp-content\/uploads\/2017\/04\/sticker-silhouette-danse-contemporaine-7756.png 374w\" sizes=\"(max-width: 150px) 100vw, 150px\" \/><\/a><\/h5>\n<h2>\u00a0<\/h2>\n<p>Smile, bien \u00eatre et danse, est une association o\u00f9 se regroupent activit\u00e9s sportives et artistiques, avec comme priorit\u00e9s des cours de qualit\u00e9 et des professeurs gentils et abordables.<\/p>\n<p>C&rsquo;est en toute humilit\u00e9 que nous sommes l\u00e0 pour r\u00e9pondre \u00e0 vos besoins dans une ambiance familiale.<\/p>\n<p>Vous donnez le sourire en toute circonstance, telle est notre d\u00e9sir.<\/p>\n<p>\u00a0<\/p>\n\n\n<div class=\"wp-block-columns\">\n<div class=\"wp-block-column\" style=\"flex-basis:100%\">\n<figure class=\"wp-block-image size-large\"><a href=\"https:\/\/smile-islesurlasorgue.fr\/wp-content\/uploads\/2025\/07\/En-te\u0302te-partenaires-2024-Smile.jpg\"><img loading=\"lazy\" width=\"724\" height=\"1024\" src=\"https:\/\/smile-islesurlasorgue.fr\/wp-content\/uploads\/2025\/07\/En-te\u0302te-partenaires-2024-Smile-724x1024.jpg\" alt=\"\" class=\"wp-image-6380\" srcset=\"https:\/\/smile-islesurlasorgue.fr\/wp-content\/uploads\/2025\/07\/En-te\u0302te-partenaires-2024-Smile-724x1024.jpg 724w, https:\/\/smile-islesurlasorgue.fr\/wp-content\/uploads\/2025\/07\/En-te\u0302te-partenaires-2024-Smile-212x300.jpg 212w, https:\/\/smile-islesurlasorgue.fr\/wp-content\/uploads\/2025\/07\/En-te\u0302te-partenaires-2024-Smile-768x1086.jpg 768w, https:\/\/smile-islesurlasorgue.fr\/wp-content\/uploads\/2025\/07\/En-te\u0302te-partenaires-2024-Smile-1086x1536.jpg 1086w, https:\/\/smile-islesurlasorgue.fr\/wp-content\/uploads\/2025\/07\/En-te\u0302te-partenaires-2024-Smile.jpg 1414w\" sizes=\"(max-width: 724px) 100vw, 724px\" \/><\/a><\/figure>\n<\/div>\n<\/div>\n","protected":false},"excerpt":{"rendered":"<p>Voil\u00e0 une petite vid\u00e9o de pr\u00e9sentation de nos services: \u00a0 Vid\u00e9o de pr\u00e9sentation Smile. \u00a0 https:\/\/youtu.be\/iHfPdGuMz7k \u00a0 NOS DISCIPLINES: \u00a0Pour d\u00e9couvrir nos cours, plus d&rsquo;infos ici ! \u00a0 Smile, bien \u00eatre et danse, est une association o\u00f9 se regroupent activit\u00e9s sportives et artistiques, avec comme priorit\u00e9s des cours de qualit\u00e9 et des professeurs gentils et [&hellip;]<\/p>\n","protected":false},"author":1,"featured_media":22,"parent":0,"menu_order":0,"comment_status":"closed","ping_status":"closed","template":"","meta":[],"_links":{"self":[{"href":"https:\/\/smile-islesurlasorgue.fr\/index.php\/wp-json\/wp\/v2\/pages\/407"}],"collection":[{"href":"https:\/\/smile-islesurlasorgue.fr\/index.php\/wp-json\/wp\/v2\/pages"}],"about":[{"href":"https:\/\/smile-islesurlasorgue.fr\/index.php\/wp-json\/wp\/v2\/types\/page"}],"author":[{"embeddable":true,"href":"https:\/\/smile-islesurlasorgue.fr\/index.php\/wp-json\/wp\/v2\/users\/1"}],"replies":[{"embeddable":true,"href":"https:\/\/smile-islesurlasorgue.fr\/index.php\/wp-json\/wp\/v2\/comments?post=407"}],"version-history":[{"count":39,"href":"https:\/\/smile-islesurlasorgue.fr\/index.php\/wp-json\/wp\/v2\/pages\/407\/revisions"}],"predecessor-version":[{"id":5848,"href":"https:\/\/smile-islesurlasorgue.fr\/index.php\/wp-json\/wp\/v2\/pages\/407\/revisions\/5848"}],"wp:featuredmedia":[{"embeddable":true,"href":"https:\/\/smile-islesurlasorgue.fr\/index.php\/wp-json\/wp\/v2\/media\/22"}],"wp:attachment":[{"href":"https:\/\/smile-islesurlasorgue.fr\/index.php\/wp-json\/wp\/v2\/media?parent=407"}],"curies":[{"name":"wp","href":"https:\/\/api.w.org\/{rel}","templated":true}]}}