{"id":4773,"date":"2020-08-14T08:27:30","date_gmt":"2020-08-14T06:27:30","guid":{"rendered":"http:\/\/smile-islesurlasorgue.fr\/?page_id=4773"},"modified":"2020-08-14T08:27:30","modified_gmt":"2020-08-14T06:27:30","slug":"smile-multimedia","status":"publish","type":"page","link":"https:\/\/smile-islesurlasorgue.fr\/index.php\/smile-multimedia\/","title":{"rendered":"SMILE MULTIMEDIA"},"content":{"rendered":"<p>Un nouveau concept, des cours enregistr\u00e9s que vous pouvez regardez chez vous ou au travail, quand vous voulez et autant de fois que vous voulez.<\/p>\n<p>&nbsp;<\/p>\n<p>Pour 15\u20ac\/mois, mensuel ou annualis\u00e9, recevez un code par mail qui vous donne acc\u00e8s \u00e0 un cours Pilates et un cours renfo par semaine.<\/p>\n<p>&nbsp;<\/p>\n<p>D&rsquo;autres cours \u00e9ventuellement possible sur demande.<\/p>\n<p>&nbsp;<\/p>\n<p>Pour la mise en place, proc\u00e9der \u00e0 l&rsquo;inscription (fiche, r\u00e8glement) et le tour est jou\u00e9!<\/p>\n<p>&nbsp;<\/p>\n<p><a href=\"http:\/\/smile-islesurlasorgue.fr\/wp-content\/uploads\/2017\/03\/SMILE-MULTIMEDIA.jpg\"><img loading=\"lazy\" class=\"aligncenter size-medium wp-image-4769\" src=\"http:\/\/smile-islesurlasorgue.fr\/wp-content\/uploads\/2017\/03\/SMILE-MULTIMEDIA-300x212.jpg\" alt=\"\" width=\"300\" height=\"212\" srcset=\"https:\/\/smile-islesurlasorgue.fr\/wp-content\/uploads\/2017\/03\/SMILE-MULTIMEDIA-300x212.jpg 300w, https:\/\/smile-islesurlasorgue.fr\/wp-content\/uploads\/2017\/03\/SMILE-MULTIMEDIA-600x424.jpg 600w, https:\/\/smile-islesurlasorgue.fr\/wp-content\/uploads\/2017\/03\/SMILE-MULTIMEDIA-768x543.jpg 768w, https:\/\/smile-islesurlasorgue.fr\/wp-content\/uploads\/2017\/03\/SMILE-MULTIMEDIA-1024x724.jpg 1024w, https:\/\/smile-islesurlasorgue.fr\/wp-content\/uploads\/2017\/03\/SMILE-MULTIMEDIA.jpg 2000w\" sizes=\"(max-width: 300px) 100vw, 300px\" \/><\/a><\/p>\n","protected":false},"excerpt":{"rendered":"<p>Un nouveau concept, des cours enregistr\u00e9s que vous pouvez regardez chez vous ou au travail, quand vous voulez et autant de fois que vous voulez. &nbsp; Pour 15\u20ac\/mois, mensuel ou annualis\u00e9, recevez un code par mail qui vous donne acc\u00e8s \u00e0 un cours Pilates et un cours renfo par semaine. &nbsp; D&rsquo;autres cours \u00e9ventuellement possible [&hellip;]<\/p>\n","protected":false},"author":1,"featured_media":4769,"parent":0,"menu_order":0,"comment_status":"closed","ping_status":"closed","template":"","meta":[],"_links":{"self":[{"href":"https:\/\/smile-islesurlasorgue.fr\/index.php\/wp-json\/wp\/v2\/pages\/4773"}],"collection":[{"href":"https:\/\/smile-islesurlasorgue.fr\/index.php\/wp-json\/wp\/v2\/pages"}],"about":[{"href":"https:\/\/smile-islesurlasorgue.fr\/index.php\/wp-json\/wp\/v2\/types\/page"}],"author":[{"embeddable":true,"href":"https:\/\/smile-islesurlasorgue.fr\/index.php\/wp-json\/wp\/v2\/users\/1"}],"replies":[{"embeddable":true,"href":"https:\/\/smile-islesurlasorgue.fr\/index.php\/wp-json\/wp\/v2\/comments?post=4773"}],"version-history":[{"count":1,"href":"https:\/\/smile-islesurlasorgue.fr\/index.php\/wp-json\/wp\/v2\/pages\/4773\/revisions"}],"predecessor-version":[{"id":4775,"href":"https:\/\/smile-islesurlasorgue.fr\/index.php\/wp-json\/wp\/v2\/pages\/4773\/revisions\/4775"}],"wp:featuredmedia":[{"embeddable":true,"href":"https:\/\/smile-islesurlasorgue.fr\/index.php\/wp-json\/wp\/v2\/media\/4769"}],"wp:attachment":[{"href":"https:\/\/smile-islesurlasorgue.fr\/index.php\/wp-json\/wp\/v2\/media?parent=4773"}],"curies":[{"name":"wp","href":"https:\/\/api.w.org\/{rel}","templated":true}]}}