{"id":63,"date":"2017-03-25T20:44:19","date_gmt":"2017-03-25T19:44:19","guid":{"rendered":"http:\/\/smile-islesurlasorgue.fr\/?page_id=63"},"modified":"2025-07-28T20:59:42","modified_gmt":"2025-07-28T18:59:42","slug":"planning","status":"publish","type":"page","link":"https:\/\/smile-islesurlasorgue.fr\/index.php\/planning\/","title":{"rendered":"PLANNING"},"content":{"rendered":"<h3 style=\"text-align: left;\">R\u00e9servations vivement conseill\u00e9es car places limit\u00e9es&#8230;. En cas de cours complets seules les personnes inscrites seront accept\u00e9es.<\/h3>\n<h3 style=\"text-align: left;\">N&rsquo;h\u00e9sitez pas \u00e0 vous renseigner au 0603980720<\/h3>\n<h3><strong>PLANNING 2025-2026<\/strong><\/h3>\n<p><a href=\"http:\/\/smile-islesurlasorgue.fr\/wp-content\/uploads\/2025\/07\/PLANNING-SMILE-2025-2026.jpg\"><img loading=\"lazy\" class=\"alignnone wp-image-6370 size-large\" src=\"http:\/\/smile-islesurlasorgue.fr\/wp-content\/uploads\/2025\/07\/PLANNING-SMILE-2025-2026-1024x724.jpg\" alt=\"\" width=\"1024\" height=\"724\" srcset=\"https:\/\/smile-islesurlasorgue.fr\/wp-content\/uploads\/2025\/07\/PLANNING-SMILE-2025-2026-1024x724.jpg 1024w, https:\/\/smile-islesurlasorgue.fr\/wp-content\/uploads\/2025\/07\/PLANNING-SMILE-2025-2026-300x212.jpg 300w, https:\/\/smile-islesurlasorgue.fr\/wp-content\/uploads\/2025\/07\/PLANNING-SMILE-2025-2026-768x543.jpg 768w, https:\/\/smile-islesurlasorgue.fr\/wp-content\/uploads\/2025\/07\/PLANNING-SMILE-2025-2026-1536x1086.jpg 1536w, https:\/\/smile-islesurlasorgue.fr\/wp-content\/uploads\/2025\/07\/PLANNING-SMILE-2025-2026.jpg 2000w\" sizes=\"(max-width: 1024px) 100vw, 1024px\" \/><\/a><\/p>\n<p>\u00a0<\/p>\n<h3>PLANNING D&rsquo;\u00c9T\u00c9 2025<\/h3>\n<p>\u00a0<\/p>\n<p><a href=\"http:\/\/smile-islesurlasorgue.fr\/wp-content\/uploads\/2025\/05\/planning-e\u0301te\u0301-smile-2025-1.jpg\"><img loading=\"lazy\" class=\"alignnone wp-image-6270 size-large\" src=\"http:\/\/smile-islesurlasorgue.fr\/wp-content\/uploads\/2025\/05\/planning-e\u0301te\u0301-smile-2025-1-1024x724.jpg\" alt=\"\" width=\"1024\" height=\"724\" srcset=\"https:\/\/smile-islesurlasorgue.fr\/wp-content\/uploads\/2025\/05\/planning-e\u0301te\u0301-smile-2025-1-1024x724.jpg 1024w, https:\/\/smile-islesurlasorgue.fr\/wp-content\/uploads\/2025\/05\/planning-e\u0301te\u0301-smile-2025-1-300x212.jpg 300w, https:\/\/smile-islesurlasorgue.fr\/wp-content\/uploads\/2025\/05\/planning-e\u0301te\u0301-smile-2025-1-768x543.jpg 768w, https:\/\/smile-islesurlasorgue.fr\/wp-content\/uploads\/2025\/05\/planning-e\u0301te\u0301-smile-2025-1-1536x1086.jpg 1536w, https:\/\/smile-islesurlasorgue.fr\/wp-content\/uploads\/2025\/05\/planning-e\u0301te\u0301-smile-2025-1.jpg 2000w\" sizes=\"(max-width: 1024px) 100vw, 1024px\" \/><\/a><\/p>\n<h3>\u00a0<\/h3>\n<p>\u00a0<\/p>\n<p style=\"text-align: center;\"><a href=\"http:\/\/smile-islesurlasorgue.fr\/wp-content\/uploads\/2017\/03\/planning-2017.tiff\"><img class=\"aligncenter size-full wp-image-761\" src=\"http:\/\/smile-islesurlasorgue.fr\/wp-content\/uploads\/2017\/03\/planning-2017.tiff\" alt=\"\" \/><\/a><\/p>\n\n\n<p><\/p>\n\n\n\n<p><\/p>\n\n\n\n<figure class=\"wp-block-image size-large\"><a href=\"https:\/\/smile-islesurlasorgue.fr\/wp-content\/uploads\/2025\/07\/En-te\u0302te-partenaires-2024-Smile.jpg\"><img loading=\"lazy\" width=\"724\" height=\"1024\" src=\"https:\/\/smile-islesurlasorgue.fr\/wp-content\/uploads\/2025\/07\/En-te\u0302te-partenaires-2024-Smile-724x1024.jpg\" alt=\"\" class=\"wp-image-6380\" srcset=\"https:\/\/smile-islesurlasorgue.fr\/wp-content\/uploads\/2025\/07\/En-te\u0302te-partenaires-2024-Smile-724x1024.jpg 724w, https:\/\/smile-islesurlasorgue.fr\/wp-content\/uploads\/2025\/07\/En-te\u0302te-partenaires-2024-Smile-212x300.jpg 212w, https:\/\/smile-islesurlasorgue.fr\/wp-content\/uploads\/2025\/07\/En-te\u0302te-partenaires-2024-Smile-768x1086.jpg 768w, https:\/\/smile-islesurlasorgue.fr\/wp-content\/uploads\/2025\/07\/En-te\u0302te-partenaires-2024-Smile-1086x1536.jpg 1086w, https:\/\/smile-islesurlasorgue.fr\/wp-content\/uploads\/2025\/07\/En-te\u0302te-partenaires-2024-Smile.jpg 1414w\" sizes=\"(max-width: 724px) 100vw, 724px\" \/><\/a><\/figure>\n","protected":false},"excerpt":{"rendered":"<p>R\u00e9servations vivement conseill\u00e9es car places limit\u00e9es&#8230;. En cas de cours complets seules les personnes inscrites seront accept\u00e9es. N&rsquo;h\u00e9sitez pas \u00e0 vous renseigner au 0603980720 PLANNING 2025-2026 \u00a0 PLANNING D&rsquo;\u00c9T\u00c9 2025 \u00a0 \u00a0 \u00a0<\/p>\n","protected":false},"author":1,"featured_media":6370,"parent":0,"menu_order":0,"comment_status":"closed","ping_status":"closed","template":"","meta":[],"_links":{"self":[{"href":"https:\/\/smile-islesurlasorgue.fr\/index.php\/wp-json\/wp\/v2\/pages\/63"}],"collection":[{"href":"https:\/\/smile-islesurlasorgue.fr\/index.php\/wp-json\/wp\/v2\/pages"}],"about":[{"href":"https:\/\/smile-islesurlasorgue.fr\/index.php\/wp-json\/wp\/v2\/types\/page"}],"author":[{"embeddable":true,"href":"https:\/\/smile-islesurlasorgue.fr\/index.php\/wp-json\/wp\/v2\/users\/1"}],"replies":[{"embeddable":true,"href":"https:\/\/smile-islesurlasorgue.fr\/index.php\/wp-json\/wp\/v2\/comments?post=63"}],"version-history":[{"count":97,"href":"https:\/\/smile-islesurlasorgue.fr\/index.php\/wp-json\/wp\/v2\/pages\/63\/revisions"}],"predecessor-version":[{"id":6373,"href":"https:\/\/smile-islesurlasorgue.fr\/index.php\/wp-json\/wp\/v2\/pages\/63\/revisions\/6373"}],"wp:featuredmedia":[{"embeddable":true,"href":"https:\/\/smile-islesurlasorgue.fr\/index.php\/wp-json\/wp\/v2\/media\/6370"}],"wp:attachment":[{"href":"https:\/\/smile-islesurlasorgue.fr\/index.php\/wp-json\/wp\/v2\/media?parent=63"}],"curies":[{"name":"wp","href":"https:\/\/api.w.org\/{rel}","templated":true}]}}