{"id":74,"date":"2017-03-25T20:49:37","date_gmt":"2017-03-25T19:49:37","guid":{"rendered":"http:\/\/smile-islesurlasorgue.fr\/?page_id=74"},"modified":"2025-07-28T21:29:22","modified_gmt":"2025-07-28T19:29:22","slug":"inscriptions","status":"publish","type":"page","link":"https:\/\/smile-islesurlasorgue.fr\/index.php\/inscriptions\/","title":{"rendered":"INSCRIPTIONS"},"content":{"rendered":"<p>Les inscriptions pour la saison 2025-2026 ont d\u00e9j\u00e0 d\u00e9but\u00e9 pour les adh\u00e9rents.<\/p>\n<p>Ouverture des inscriptions pour les personnes ext\u00e9rieures le 01 Ao\u00fbt. Pass\u00e9e cette date, personne ne sera prioritaire et les inscriptions se feront par ordre d&rsquo;arriv\u00e9e et avec des dossiers complets.<\/p>\n<p>Les dossiers sont \u00e0 retirer en cours.<\/p>\n<p>Les effectifs sont limit\u00e9s. Les adh\u00e9sions se feront par ordre chronologique des dossiers ramen\u00e9s COMPLETS .<\/p>\n<p>Tous dossiers ramen\u00e9s incomplets sera mis en attente.<\/p>\n<p>\u00a0<\/p>\n<p>Afin d&rsquo;\u00e9viter d&rsquo;\u00e9ventuelles attentes, nous vous proposons la possibilit\u00e9 de t\u00e9l\u00e9charger les papiers d&rsquo;inscriptions de votre ordinateur, et de nous les ramener remplis.<\/p>\n<p>\u00a0<\/p>\n<p><strong><em>Le dossier d&rsquo;inscription complet comprend pour les nouveaux adh\u00e9rents:<\/em><\/strong><\/p>\n<ul>\n<li>&#8211; La fiche d&rsquo;inscription<\/li>\n<li>&#8211; Le r\u00e8glement de la cotisation, ch\u00e8que, virement (demande nous le RIB) ou esp\u00e8ces (paiement en 2 \u00e0 10 fois possibles, ch\u00e8que \u00e0 l&rsquo;ordre de Smile)<\/li>\n<li>&#8211; Le certificat m\u00e9dical de moins de 3 mois (obligatoire la premi\u00e8re saison) est conseill\u00e9 mais non obligatoire<\/li>\n<li>&#8211; Une photo format d&rsquo;identit\u00e9<\/li>\n<\/ul>\n<p><strong><em>Pour les renouvellements (\u00e0 condition de dossiers \u00e0 jour):<\/em><\/strong><\/p>\n<p>&#8211; Le r\u00e8glement de la cotisation<\/p>\n<p>\u00a0<\/p>\n<p>Documents \u00e0 consulter:<\/p>\n<p><a href=\"http:\/\/smile-islesurlasorgue.fr\/wp-content\/uploads\/2021\/07\/Re\u0300glement-inte\u0301rieur-Smile-2021-2022.doc\">Re\u0300glement inte\u0301rieur Smile<\/a><\/p>\n<p>\u00a0<\/p>\n<p>Vous pouvez t\u00e9l\u00e9charger ici les documents:<\/p>\n<p><a href=\"http:\/\/smile-islesurlasorgue.fr\/wp-content\/uploads\/2017\/03\/FICHE-INSCRIPTION-2020-2021.doc\" target=\"_blank\" rel=\"noopener noreferrer\">FICHE INSCRIPTION <\/a>\u00a0version word<\/p>\n<p>ou<\/p>\n<p><a href=\"http:\/\/smile-islesurlasorgue.fr\/wp-content\/uploads\/2017\/03\/FICHE-INSCRIPTION-2020-2021.pdf\" target=\"_blank\" rel=\"noopener noreferrer\">FICHE-INSCRIPTION<\/a>\u00a0version pdf<\/p>\n<p>\u00a0<\/p>\n<p>\u00a0<\/p>\n<p>RIB DE L&rsquo;ASSOCIATION (POUR VIREMENTS D&rsquo;INSCRIPTIONS)<\/p>\n<p><a href=\"http:\/\/smile-islesurlasorgue.fr\/wp-content\/uploads\/2021\/09\/rib-Compte_14213150311.pdf\">rib Compte_14213150311<\/a><\/p>\n<p>\u00a0<\/p>\n\n\n<figure class=\"wp-block-image size-large\"><a href=\"https:\/\/smile-islesurlasorgue.fr\/wp-content\/uploads\/2025\/07\/En-te\u0302te-partenaires-2024-Smile.jpg\"><img loading=\"lazy\" width=\"724\" height=\"1024\" src=\"https:\/\/smile-islesurlasorgue.fr\/wp-content\/uploads\/2025\/07\/En-te\u0302te-partenaires-2024-Smile-724x1024.jpg\" alt=\"\" class=\"wp-image-6380\" srcset=\"https:\/\/smile-islesurlasorgue.fr\/wp-content\/uploads\/2025\/07\/En-te\u0302te-partenaires-2024-Smile-724x1024.jpg 724w, https:\/\/smile-islesurlasorgue.fr\/wp-content\/uploads\/2025\/07\/En-te\u0302te-partenaires-2024-Smile-212x300.jpg 212w, https:\/\/smile-islesurlasorgue.fr\/wp-content\/uploads\/2025\/07\/En-te\u0302te-partenaires-2024-Smile-768x1086.jpg 768w, https:\/\/smile-islesurlasorgue.fr\/wp-content\/uploads\/2025\/07\/En-te\u0302te-partenaires-2024-Smile-1086x1536.jpg 1086w, https:\/\/smile-islesurlasorgue.fr\/wp-content\/uploads\/2025\/07\/En-te\u0302te-partenaires-2024-Smile.jpg 1414w\" sizes=\"(max-width: 724px) 100vw, 724px\" \/><\/a><\/figure>\n\n\n\n<figure class=\"wp-block-image size-large\"><a href=\"https:\/\/smile-islesurlasorgue.fr\/wp-content\/uploads\/2025\/07\/En-te\u0302te-partenaires-2024-Smile.jpg\"><img loading=\"lazy\" width=\"724\" height=\"1024\" src=\"https:\/\/smile-islesurlasorgue.fr\/wp-content\/uploads\/2025\/07\/En-te\u0302te-partenaires-2024-Smile-724x1024.jpg\" alt=\"\" class=\"wp-image-6380\" srcset=\"https:\/\/smile-islesurlasorgue.fr\/wp-content\/uploads\/2025\/07\/En-te\u0302te-partenaires-2024-Smile-724x1024.jpg 724w, https:\/\/smile-islesurlasorgue.fr\/wp-content\/uploads\/2025\/07\/En-te\u0302te-partenaires-2024-Smile-212x300.jpg 212w, https:\/\/smile-islesurlasorgue.fr\/wp-content\/uploads\/2025\/07\/En-te\u0302te-partenaires-2024-Smile-768x1086.jpg 768w, https:\/\/smile-islesurlasorgue.fr\/wp-content\/uploads\/2025\/07\/En-te\u0302te-partenaires-2024-Smile-1086x1536.jpg 1086w, https:\/\/smile-islesurlasorgue.fr\/wp-content\/uploads\/2025\/07\/En-te\u0302te-partenaires-2024-Smile.jpg 1414w\" sizes=\"(max-width: 724px) 100vw, 724px\" \/><\/a><\/figure>\n","protected":false},"excerpt":{"rendered":"<p>Les inscriptions pour la saison 2025-2026 ont d\u00e9j\u00e0 d\u00e9but\u00e9 pour les adh\u00e9rents. Ouverture des inscriptions pour les personnes ext\u00e9rieures le 01 Ao\u00fbt. Pass\u00e9e cette date, personne ne sera prioritaire et les inscriptions se feront par ordre d&rsquo;arriv\u00e9e et avec des dossiers complets. Les dossiers sont \u00e0 retirer en cours. Les effectifs sont limit\u00e9s. Les adh\u00e9sions [&hellip;]<\/p>\n","protected":false},"author":1,"featured_media":0,"parent":0,"menu_order":0,"comment_status":"closed","ping_status":"closed","template":"","meta":[],"_links":{"self":[{"href":"https:\/\/smile-islesurlasorgue.fr\/index.php\/wp-json\/wp\/v2\/pages\/74"}],"collection":[{"href":"https:\/\/smile-islesurlasorgue.fr\/index.php\/wp-json\/wp\/v2\/pages"}],"about":[{"href":"https:\/\/smile-islesurlasorgue.fr\/index.php\/wp-json\/wp\/v2\/types\/page"}],"author":[{"embeddable":true,"href":"https:\/\/smile-islesurlasorgue.fr\/index.php\/wp-json\/wp\/v2\/users\/1"}],"replies":[{"embeddable":true,"href":"https:\/\/smile-islesurlasorgue.fr\/index.php\/wp-json\/wp\/v2\/comments?post=74"}],"version-history":[{"count":20,"href":"https:\/\/smile-islesurlasorgue.fr\/index.php\/wp-json\/wp\/v2\/pages\/74\/revisions"}],"predecessor-version":[{"id":6382,"href":"https:\/\/smile-islesurlasorgue.fr\/index.php\/wp-json\/wp\/v2\/pages\/74\/revisions\/6382"}],"wp:attachment":[{"href":"https:\/\/smile-islesurlasorgue.fr\/index.php\/wp-json\/wp\/v2\/media?parent=74"}],"curies":[{"name":"wp","href":"https:\/\/api.w.org\/{rel}","templated":true}]}}