{"id":78,"date":"2017-03-25T20:50:07","date_gmt":"2017-03-25T19:50:07","guid":{"rendered":"http:\/\/smile-islesurlasorgue.fr\/?page_id=78"},"modified":"2021-01-16T22:47:16","modified_gmt":"2021-01-16T21:47:16","slug":"temoignages","status":"publish","type":"page","link":"https:\/\/smile-islesurlasorgue.fr\/index.php\/temoignages\/","title":{"rendered":"TEMOIGNAGES"},"content":{"rendered":"<p>\u00ab\u00a0Je viens de tester le cours de Pilates du lundi, j&rsquo;en ressors avec le smile !!! Merci Guillaume pour ton accueil et ton professionnalisme.\u00a0\u00bb \u00a0 \u00a0 \u00a0 \u00a0 \u00a0 \u00a0 \u00a0 \u00a0 \u00a0(Nathalie B., 09\/2017)<\/p>\n<p>&nbsp;<\/p>\n<p>\u00ab\u00a0Tout y est , bonne ambiance,cours tr\u00e8s PRO, tu n as pas chang\u00e9 depuis notre rencontre chez Jean marie il y a des ann\u00e9es. Planning super pour moi qui bosse jusqu&rsquo;a 20h tous les soirs( qui ne peut donc venir que le matin ). Tout tout tout pour retrouver le Smile, longue vie \u00e0 ton assoc TU LE MERITES. Avec toute mon amiti\u00e9\u00a0\u00bb \u00a0 \u00a0 \u00a0 \u00a0 \u00a0 \u00a0 \u00a0 \u00a0 \u00a0 \u00a0 \u00a0 \u00a0 \u00a0 \u00a0 \u00a0 \u00a0 \u00a0 (Gis\u00e8le C., 09\/2017)<\/p>\n<p>&nbsp;<\/p>\n<p>\u00ab\u00a0Sans ta pugnacit\u00e9 rien de possible Guillaume. Bravo\u00a0\u00bb \u00a0 \u00a0 \u00a0 \u00a0 \u00a0 \u00a0 \u00a0 \u00a0 \u00a0(Sylvie R., 09\/2017)<\/p>\n<p>&nbsp;<\/p>\n<p>\u00ab\u00a0Lorsqu&rsquo;on y met du coeur les projets se r\u00e9alisent&#8230;. c&rsquo;est ce que tu as fait en plus avec le sourire et ta gentillesse !!! Ca ne peut que fonctionner&#8230;. Longue vie a\u00a0Smile\u00a0\u00bb \u00a0 \u00a0 \u00a0 \u00a0 \u00a0 \u00a0 \u00a0 \u00a0 \u00a0 \u00a0 \u00a0(Delphine G., 09\/2017)<\/p>\n<p>&nbsp;<\/p>\n<p>\u00ab\u00a0C&rsquo;\u00e9tait s\u00fbr que \u00e7a marcherait! C&rsquo;est un vrai plaisir de faire du sport avec toi\u00a0\u00bb \u00a0 \u00a0 \u00a0 \u00a0 \u00a0 \u00a0 \u00a0 (Ga\u00eblle T., 09\/2017)<\/p>\n<p>&nbsp;<\/p>\n<p>\u00ab\u00a0C&rsquo;est que le d\u00e9but le meilleur est \u00e0 venir \u00a0\u00bb \u00a0 \u00a0 \u00a0 \u00a0 \u00a0 \u00a0 \u00a0(Christophe R., 09\/2017)<\/p>\n<p>&nbsp;<\/p>\n<p>\u00ab\u00a0Bravo Guigui. Longue vie a ton association. Et\u00a0vas y doucement que les filles de l&rsquo;isle ne soient pas trop jolies muscl\u00e9es &#8230;..\u00a0\u00bb \u00a0 \u00a0 \u00a0 \u00a0 \u00a0 \u00a0(Virginie L., 09\/2017)<\/p>\n<p>&nbsp;<\/p>\n<p>\u00ab\u00a0Rentr\u00e9e sportive ok\u00a0<span class=\"_47e3 _5mfr\" title=\"\u00e9motic\u00f4ne wink\"><img loading=\"lazy\" class=\"img\" src=\"https:\/\/static.xx.fbcdn.net\/images\/emoji.php\/v9\/f57\/1\/16\/1f609.png\" alt=\"\" width=\"16\" height=\"16\" \/><span class=\"_7oe\">\ud83d\ude09<\/span><\/span>\u00a0, je te le rediiiis, c&rsquo;est ici que \u00e7a se passe! Prend du bon temps, viens te d\u00e9fouler en riant et muscler ton corps de chips (ou perdre tes abdos nutella ^^ ) dans une ambiance au top avec un mec passionn\u00e9, tr\u00e8s pro et un tarif plus qu&rsquo;abordable!\u00a0\u00bb \u00a0 \u00a0 \u00a0 \u00a0 (Patou RF, 09\/2017)<\/p>\n<p>&nbsp;<\/p>\n<p>\u00ab\u00a0Premier cours et c est comme un retour \u00e0 la maison !!! Le cadre est top, les courgettes qui poussent, les poules heureuses et moi je suis combl\u00e9 de retrouver le pro\u00a0<a class=\"profileLink\" dir=\"ltr\" href=\"https:\/\/www.facebook.com\/guillaume.ferland.31?hc_location=ufi\" target=\"_blank\" rel=\"noopener noreferrer\" data-hovercard=\"\/ajax\/hovercard\/hovercard.php?id=612083459&amp;extragetparams=%7B%22hc_location%22%3A%22ufi%22%7D\">Guillaume Ferland<\/a>\u00a0le seul coach qui respecte le corps de chacun et qui fait du bien !!! Alors partagez\u00a0<a class=\"profileLink\" dir=\"ltr\" href=\"https:\/\/www.facebook.com\/smilebienetre.etdanse?hc_location=ufi\" target=\"_blank\" rel=\"noopener noreferrer\" data-hovercard=\"\/ajax\/hovercard\/hovercard.php?id=100014551352259&amp;extragetparams=%7B%22hc_location%22%3A%22ufi%22%7D\">Smile Bien-\u00eatre Etdanse<\/a>\u00a0!!! Merci Guillaume t&rsquo;es un winner !! Et bravo pour toute ton \u00e9nergie \u00e0 cr\u00e9er ton asso et nous offrir tes cours !\u00a0\u00bb \u00a0 \u00a0 \u00a0 \u00a0 \u00a0 (Jean-Louis M., 09\/2017)<\/p>\n<p>&nbsp;<\/p>\n<p>A propos de la convention Smile 2017&Prime;Il y a des sourires qui en disent long, m\u00eame apr\u00e8s une heure \u00e0 tout donner!<br \/>\nParce que certaines personnes contribuent \u00e0 ton bonheur et ton bien \u00eatre, \u00e0 leur mani\u00e8re (peu importe laquelle)!<br \/>\nQuand elles sont envahies par une passion, et ont pour objectif de te la transmettre et te la faire partager!! Tu es de celles-ci mon Guitou, pour \u00e7a grand merci et bravo!!\u00a0\u00bb\u00a0 \u00a0 \u00a0 \u00a0 \u00a0 \u00a0 \u00a0 \u00a0(Patrice B., 11\/2017)<\/p>\n<p>&nbsp;<\/p>\n<p>A propos de la convention Smile 2017 \u00a0\u00bb F\u00e9licitation pour l&rsquo;organisation, un bon moment de partage! Comme d&rsquo;habitude, des profs au top!! Merci!\u00a0\u00bb\u00a0 \u00a0 \u00a0 \u00a0 \u00a0 \u00a0 \u00a0 \u00a0(Carine G. 11\/2017)<\/p>\n<p>&nbsp;<\/p>\n<p>\u00ab\u00a0Merci Guillaume pour ta bonne humeur et tes cours de dingue qui me r\u00e9concilient peu \u00e0 peu avec mon corps&#8230;\u00a0\u00bb\u00a0 \u00a0 \u00a0 \u00a0 \u00a0 \u00a0(M\u00e9lanie V., 12\/2017)<\/p>\n<p>&nbsp;<\/p>\n<p>\u00ab\u00a0C&rsquo;est avec beaucoup de plaisir que nous avons particip\u00e9 pour te rendre un peu nous aussi ta gentillesse et ton professionnalisme\u00a0\u00bb\u00a0 \u00a0 \u00a0 \u00a0 \u00a0(Juliette P., 12\/2017)<\/p>\n<p>&nbsp;<\/p>\n<p>\u00ab\u00a0Tu es une personne exceptionnelle ne change rien, merci pour tes cours\u00a0\u00bb\u00a0 \u00a0 \u00a0 \u00a0 \u00a0 \u00a0(M-Christine H. 12\/2017)<\/p>\n<p>&nbsp;<\/p>\n<p>\u00a0\u00bb La qualit\u00e9 de tes cours, ton humeur toujours au beau fixe et une bonne musique ne peut que donner l&rsquo;envie de revenir\u00a0\u00bb\u00a0 \u00a0 \u00a0 (Michelle O.\u00a0 12\/2017)<\/p>\n<p>&nbsp;<\/p>\n<p>\u00ab\u00a0Merci pour tes cours de pro dans une ambiance agr\u00e9able\u00a0\u00bb\u00a0 \u00a0 \u00a0 \u00a0 (Mireille B., 12\/2017)<\/p>\n<p>&nbsp;<\/p>\n<p>\u00ab\u00a0Merci \u00e0 toi guillaume, d avoir rendu le sport en un super moment convivial et de bonheur humeur.\u00a0\u00bb\u00a0 \u00a0 \u00a0 \u00a0 \u00a0 \u00a0(Delphine G., 12\/2017)<\/p>\n<p>&nbsp;<\/p>\n<p>\u00ab\u00a0C&rsquo;est tellement un plaisir de venir souffrir avec bonne humeur ! Merci Guillaume, merci l&rsquo;\u00e9quipe merci Smile! \u00a0\u00bb\u00a0 \u00a0 \u00a0 \u00a0 \u00a0 (Nicolas C., 12\/2017)<\/p>\n<p>&nbsp;<\/p>\n<p>\u00a0\u00bb Tout d&rsquo;abord merci pour tout , pour les cours dans la souffrance mais surtout la bonne humeur, les \u00ab\u00a0after\u00a0\u00bb cours, avec galettes des rois et cr\u00eapes partie,\u00a0 sans compter toutes les autres organisations \u00e0 venir.\u00a0\u00bb\u00a0 \u00a0 \u00a0 \u00a0(Nicolas C., 02\/2018)<\/p>\n<p>&nbsp;<\/p>\n<p>\u00ab\u00a0Tes cours remettent vraiment en pleine forme, merci.\u00a0\u00bb\u00a0 \u00a0 \u00a0(Marinette V., 05\/18)<\/p>\n<p>&nbsp;<\/p>\n<p>\u00ab\u00a0Smile est une belle d\u00e9couverte. Association qui bouge et qui se soucie du bien \u00eatre de ses adh\u00e9rents avec un prof de qualit\u00e9 et toujours souriant!\u00a0\u00bb\u00a0 \u00a0 \u00a0 \u00a0 \u00a0 \u00a0 (Laetitia D., 06\/18)<\/p>\n<p>&nbsp;<\/p>\n<p>\u00ab\u00a0Tout me convient, les cours se d\u00e9roulent dans la bonne humeur et la convivialit\u00e9 avec un tarif plus qu&rsquo;int\u00e9ressant avec un prof \u00e0 la hauteur, dynamique, surprenant, au top!!\u00a0\u00bb\u00a0 \u00a0 \u00a0 \u00a0 \u00a0 \u00a0(Catherine H., 06\/18)<\/p>\n<p>&nbsp;<\/p>\n<p>\u00ab\u00a0Smile, mon rayon de soleil!\u00a0\u00bb\u00a0 \u00a0 (St\u00e9phanie B., 06\/18)<\/p>\n<p>&nbsp;<\/p>\n<p>\u00ab\u00a0Merci pour ta bonne humeur et ton professionnalisme\u00a0\u00bb\u00a0 \u00a0 \u00a0 (Florence C., 06\/18)<\/p>\n<p>&nbsp;<\/p>\n<p>\u00ab\u00a0Animation, smile et bonne humeur&#8230;. Le top avec des bonnes petites formules et expressions plus que parlantes&#8230; Une manifestation par mois et des festivit\u00e9s dans les cours: trop bon! Merci \u00e0 toi pour ton professionnalisme et ta bonne humeur.\u00a0\u00bb\u00a0 \u00a0 \u00a0 (Caro B., 06\/18)<\/p>\n<p>&nbsp;<\/p>\n<p>\u00ab\u00a0Je trouve l&rsquo;organisation efficace\u00a0\u00bb\u00a0 \u00a0 \u00a0(Catherine L., 06\/18)<\/p>\n<p>&nbsp;<\/p>\n<p>\u00ab\u00a0Merci \u00e0 Guillaume pour sa bonne humeur et son professionnalisme\u00a0\u00bb\u00a0 \u00a0 \u00a0(Monique B., 06\/18)<\/p>\n<p>&nbsp;<\/p>\n<p>\u00ab\u00a0Tes cours sont toujours supers! Extra!\u00a0\u00bb\u00a0 \u00a0 \u00a0(Marinette V., 09\/18)<\/p>\n<p>&nbsp;<\/p>\n<p>\u00ab\u00a0Merci Guillaume, je suis r\u00e9concili\u00e9e avec les cours en salle\u00a0\u00bb\u00a0 \u00a0 (Martine L., 10\/18)<\/p>\n<p>&nbsp;<\/p>\n<p>\u00ab\u00a0Un vrai r\u00e9gal tes cours. Ca me fait trop du bien\u00a0\u00bb\u00a0 \u00a0(Blandine L., 10\/18)<\/p>\n<p>&nbsp;<\/p>\n<p>\u00ab\u00a0Guillaume, je voulais partager cette nouvelle avec toi&#8230; Apr\u00e8s visite chez ma gyn\u00e9co ce matin, elle m&rsquo;a f\u00e9licit\u00e9 sur l&rsquo;\u00e9tat de mon p\u00e9rin\u00e9e, je pense que tu y es pour beaucoup&#8230;.alors MERCI !!! \u00a0\u00bb\u00a0 \u00a0 (C&#8230;.., 11\/18)<\/p>\n<p>&nbsp;<\/p>\n<p>\u00ab\u00a0Merci pour l&rsquo;\u00e9nergie que tu d\u00e9ploies, ta bonne humeur et ton professionnalisme&#8230;\u00a0\u00bb\u00a0 \u00a0(Catherine H., 12\/18)<\/p>\n<p>&nbsp;<\/p>\n<p>\u00ab\u00a0Merci \u00e0 toi pour ces cours un plaisir d&rsquo;y assister. Le sport c&rsquo;est la vie!\u00a0\u00bb\u00a0 \u00a0 (Aur\u00e9lie U., 12\/18)<\/p>\n<p>&nbsp;<\/p>\n<p>\u00ab\u00a0Peu importe \u00e0 quelle fr\u00e9quence, c&rsquo;est un plaisir de participer \u00e0 tes cours ! Peu importe la journ\u00e9e qu&rsquo;on a pass\u00e9e, en sort toujours de bonne humeur \ud83d\ude42 \u00a0\u00bb\u00a0 \u00a0(Lola D., 12\/18)<\/p>\n<p>&nbsp;<\/p>\n<div>\u00a0\u00bb Merci \u00e0 toi de toute cette \u00e9nergie,bonne humeur..<\/div>\n<div>C&rsquo;est un plaisir d&rsquo;aller souffrir!!!\u00a0\u00bb\u00a0 \u00a0 \u00a0(isabelle M., 12\/18)<\/div>\n<div><\/div>\n<div><\/div>\n<div>\u00ab\u00a0Continue comme \u00e7a; tes cours sont supers, toujours dans la bonne humeur&#8230; mais n&rsquo;essaie surtout pas de devenir prof d&rsquo;anglais!!!!!\u00a0\u00bb\u00a0 \u00a0 (Florence P., 12\/18)<\/div>\n<div><\/div>\n<div>\u00ab\u00a0Je tenais \u00e0 te f\u00e9liciter pour ton professionnalisme et surtout ta bonne humeur et ton dynamisme. Bravo c&rsquo;est motivant.\u00a0\u00bb\u00a0 \u00a0 (Sabine T., 12\/18)<\/div>\n<div><\/div>\n<div><\/div>\n<div>\n<p>\u00ab\u00a0Merci Guillaume, tu contribues s\u00e9rieusement (lol) \u00e0 nous aider \u00e0 nous surpasser!<\/p>\n<div>Ton humour et ta bonne humeur nous stimulent , tes comp\u00e9tences nous musclent!!!\u00a0\u00bb\u00a0 \u00a0(Marie Th\u00e9r\u00e8se G, 12\/18)<\/div>\n<\/div>\n<div><\/div>\n<div><\/div>\n<div>\u00ab\u00a0Quand on ressort de Smile on a le Smile! Et les r\u00e9sultats sont l\u00e0 j&rsquo;ai renforc\u00e9 les muscles profonds et affin\u00e9 ma silhouette! TOP ! \u00a0\u00bb\u00a0 \u00a0 (Elodie S., 05\/19)<\/div>\n<div><\/div>\n<div>\u00ab\u00a0Un grand merci pour ton dynamisme et tes comp\u00e9tences!\u00a0\u00bb\u00a0 \u00a0(Nicole B., 06\/19)<\/div>\n<div><\/div>\n<div>\u00ab\u00a0Grande qualit\u00e9 des cours (nature des exercices, efficacit\u00e9, grande attention du prof\u00a0\u00bb\u00a0 \u00a0(Christian C., 06\/19)<\/div>\n<div><\/div>\n<div>\u00a0\u00bb Au fur et \u00e0 mesure des ann\u00e9es, je ne peux qu&rsquo;appr\u00e9cier l&rsquo;augmentation de la qualit\u00e9 et de la diversit\u00e9 des cours, l&rsquo;augmentation de la bonne humeur du professeur, du choix des musiques. En cas de blues, en suivant les cours avec Guillaume, il n&rsquo;y r\u00e9sistera pas! Bravo \u00e0 toi\u00a0\u00bb\u00a0 \u00a0 (Michelle O., 06\/19)<\/div>\n<div><\/div>\n<div>\u00ab\u00a0Une petite contribution pour un homme en or. Nous sommes de tout c\u0153ur avec toi dans cette p\u00e9riode tr\u00e8s compliqu\u00e9e. Tiens bon Guillaume on est l\u00e0 et on ne compte pas te l\u00e2cher !!<\/p>\n<div>Tu es une belle personne. \u00a0\u00bb (Claire B, 01\/20)<\/div>\n<\/div>\n<div><\/div>\n<div>\u00ab\u00a0Tonton Guii-Guii ch\u00e9ri. Avant les mots d&rsquo;usage en ce 4 janvier 2021 neigeux je voudrais te dire mon affection et surtout admiration de tout ton travail et organisation pour Smile que tu portes au bout des bras! Un coach comme toi est unique et tu es appr\u00e9ci\u00e9 m\u00eame ador\u00e9 par beaucoup du club. Quel travail et ces pr\u00e9visions pour les jours \u00e0 venir , la date du 20 janvier est dans nos t\u00eates esp\u00e9rant que cela sera possible. Je reviendrai \u00e0 temps utile pour m&rsquo;inscrire fid\u00e8lement \u00e0 ISO comme avant On ne te l\u00e2ch\u00e9 pas et merci d\u00e9j\u00e0 pour les vid\u00e9os d&rsquo;ici l\u00e0. Je t&#8217;embrasse comme mon petit-fils et te souhaite \u00e0 toi , aux tiens et \u00e0 Smile une meilleure. Ann\u00e9e. Ne perdons pas courage il y aura des jours meilleurs! Affectueusement Mamie U\u00a0\u00bb<\/div>\n","protected":false},"excerpt":{"rendered":"<p>\u00ab\u00a0Je viens de tester le cours de Pilates du lundi, j&rsquo;en ressors avec le smile !!! Merci Guillaume pour ton accueil et ton professionnalisme.\u00a0\u00bb \u00a0 \u00a0 \u00a0 \u00a0 \u00a0 \u00a0 \u00a0 \u00a0 \u00a0(Nathalie B., 09\/2017) &nbsp; \u00ab\u00a0Tout y est , bonne ambiance,cours tr\u00e8s PRO, tu n as pas chang\u00e9 depuis notre rencontre chez Jean marie [&hellip;]<\/p>\n","protected":false},"author":1,"featured_media":0,"parent":0,"menu_order":0,"comment_status":"closed","ping_status":"closed","template":"","meta":[],"_links":{"self":[{"href":"https:\/\/smile-islesurlasorgue.fr\/index.php\/wp-json\/wp\/v2\/pages\/78"}],"collection":[{"href":"https:\/\/smile-islesurlasorgue.fr\/index.php\/wp-json\/wp\/v2\/pages"}],"about":[{"href":"https:\/\/smile-islesurlasorgue.fr\/index.php\/wp-json\/wp\/v2\/types\/page"}],"author":[{"embeddable":true,"href":"https:\/\/smile-islesurlasorgue.fr\/index.php\/wp-json\/wp\/v2\/users\/1"}],"replies":[{"embeddable":true,"href":"https:\/\/smile-islesurlasorgue.fr\/index.php\/wp-json\/wp\/v2\/comments?post=78"}],"version-history":[{"count":25,"href":"https:\/\/smile-islesurlasorgue.fr\/index.php\/wp-json\/wp\/v2\/pages\/78\/revisions"}],"predecessor-version":[{"id":5149,"href":"https:\/\/smile-islesurlasorgue.fr\/index.php\/wp-json\/wp\/v2\/pages\/78\/revisions\/5149"}],"wp:attachment":[{"href":"https:\/\/smile-islesurlasorgue.fr\/index.php\/wp-json\/wp\/v2\/media?parent=78"}],"curies":[{"name":"wp","href":"https:\/\/api.w.org\/{rel}","templated":true}]}}