{"id":972,"date":"2018-01-16T15:18:29","date_gmt":"2018-01-16T14:18:29","guid":{"rendered":"http:\/\/smile-islesurlasorgue.fr\/?page_id=972"},"modified":"2021-06-23T22:03:23","modified_gmt":"2021-06-23T20:03:23","slug":"boutique","status":"publish","type":"page","link":"https:\/\/smile-islesurlasorgue.fr\/index.php\/boutique\/","title":{"rendered":"BOUTIQUE"},"content":{"rendered":"<p>Smile vous propose une ligne de v\u00eatements coton et coton bio, disponibles sur commande.<\/p>\n<p>T Shirt, d\u00e9bardeur, veste, serviette, sac de sport, jogging, etc&#8230;. A vous de choisir!<\/p>\n<p>\u00a0<\/p>\n<p>\u00a0<\/p>\n<p><a href=\"http:\/\/smile-islesurlasorgue.fr\/wp-content\/uploads\/2018\/01\/La-boutique-Smile.jpg\"><img loading=\"lazy\" class=\"size-medium wp-image-4789 alignleft\" src=\"http:\/\/smile-islesurlasorgue.fr\/wp-content\/uploads\/2018\/01\/La-boutique-Smile-212x300.jpg\" alt=\"\" width=\"212\" height=\"300\" srcset=\"https:\/\/smile-islesurlasorgue.fr\/wp-content\/uploads\/2018\/01\/La-boutique-Smile-212x300.jpg 212w, https:\/\/smile-islesurlasorgue.fr\/wp-content\/uploads\/2018\/01\/La-boutique-Smile-600x849.jpg 600w, https:\/\/smile-islesurlasorgue.fr\/wp-content\/uploads\/2018\/01\/La-boutique-Smile-768x1086.jpg 768w, https:\/\/smile-islesurlasorgue.fr\/wp-content\/uploads\/2018\/01\/La-boutique-Smile-724x1024.jpg 724w, https:\/\/smile-islesurlasorgue.fr\/wp-content\/uploads\/2018\/01\/La-boutique-Smile.jpg 1414w\" sizes=\"(max-width: 212px) 100vw, 212px\" \/><\/a> <a href=\"http:\/\/smile-islesurlasorgue.fr\/wp-content\/uploads\/2018\/01\/La-boutique-Smile-1.jpg\"><img loading=\"lazy\" class=\"size-medium wp-image-4790 alignright\" src=\"http:\/\/smile-islesurlasorgue.fr\/wp-content\/uploads\/2018\/01\/La-boutique-Smile-1-212x300.jpg\" alt=\"\" width=\"212\" height=\"300\" srcset=\"https:\/\/smile-islesurlasorgue.fr\/wp-content\/uploads\/2018\/01\/La-boutique-Smile-1-212x300.jpg 212w, https:\/\/smile-islesurlasorgue.fr\/wp-content\/uploads\/2018\/01\/La-boutique-Smile-1-600x849.jpg 600w, https:\/\/smile-islesurlasorgue.fr\/wp-content\/uploads\/2018\/01\/La-boutique-Smile-1-768x1086.jpg 768w, https:\/\/smile-islesurlasorgue.fr\/wp-content\/uploads\/2018\/01\/La-boutique-Smile-1-724x1024.jpg 724w, https:\/\/smile-islesurlasorgue.fr\/wp-content\/uploads\/2018\/01\/La-boutique-Smile-1.jpg 1414w\" sizes=\"(max-width: 212px) 100vw, 212px\" \/><\/a><\/p>\n<p>\u00a0<\/p>\n<p>\u00a0<\/p>\n<p>\u00a0<\/p>\n<p>\u00a0<\/p>\n<p>\u00a0<\/p>\n<p>\u00a0<\/p>\n<p>\u00a0<\/p>\n<p>\u00a0<\/p>\n<p>\u00a0<\/p>\n<p>\u00a0<\/p>\n<p>\u00a0<\/p>\n<p>MAIS EGALEMENT EN FIN DE STOCK:<\/p>\n<p><a href=\"http:\/\/smile-islesurlasorgue.fr\/wp-content\/uploads\/2018\/01\/CATALOGUE-VETEMENTS-2019-2020.pdf\"><img loading=\"lazy\" class=\"wp-image-3583 size-medium alignleft\" src=\"http:\/\/smile-islesurlasorgue.fr\/wp-content\/uploads\/2018\/01\/CATALOGUE-VETEMENTS-2019-2020-pdf-300x212.jpg\" alt=\"\" width=\"300\" height=\"212\" \/><\/a><\/p>\n<p>\u00a0<\/p>\n<p>\u00a0<\/p>\n<p>\u00a0<\/p>\n<p><a href=\"http:\/\/smile-islesurlasorgue.fr\/wp-content\/uploads\/2018\/01\/CATALOGUE-VETEMENTS-2019-2020-1.jpg\"><img loading=\"lazy\" class=\"aligncenter wp-image-3573 size-medium\" src=\"http:\/\/smile-islesurlasorgue.fr\/wp-content\/uploads\/2018\/01\/CATALOGUE-VETEMENTS-2019-2020-1-300x212.jpg\" alt=\"\" width=\"300\" height=\"212\" srcset=\"https:\/\/smile-islesurlasorgue.fr\/wp-content\/uploads\/2018\/01\/CATALOGUE-VETEMENTS-2019-2020-1-300x212.jpg 300w, https:\/\/smile-islesurlasorgue.fr\/wp-content\/uploads\/2018\/01\/CATALOGUE-VETEMENTS-2019-2020-1-600x424.jpg 600w, https:\/\/smile-islesurlasorgue.fr\/wp-content\/uploads\/2018\/01\/CATALOGUE-VETEMENTS-2019-2020-1-768x543.jpg 768w, https:\/\/smile-islesurlasorgue.fr\/wp-content\/uploads\/2018\/01\/CATALOGUE-VETEMENTS-2019-2020-1-1024x724.jpg 1024w, https:\/\/smile-islesurlasorgue.fr\/wp-content\/uploads\/2018\/01\/CATALOGUE-VETEMENTS-2019-2020-1.jpg 1123w\" sizes=\"(max-width: 300px) 100vw, 300px\" \/><\/a><a href=\"http:\/\/smile-islesurlasorgue.fr\/wp-content\/uploads\/2018\/01\/CATALOGUE-VETEMENTS-2019-2020-2.jpg\"><img loading=\"lazy\" class=\"wp-image-3574 size-medium alignleft\" src=\"http:\/\/smile-islesurlasorgue.fr\/wp-content\/uploads\/2018\/01\/CATALOGUE-VETEMENTS-2019-2020-2-300x212.jpg\" alt=\"\" width=\"300\" height=\"212\" srcset=\"https:\/\/smile-islesurlasorgue.fr\/wp-content\/uploads\/2018\/01\/CATALOGUE-VETEMENTS-2019-2020-2-300x212.jpg 300w, https:\/\/smile-islesurlasorgue.fr\/wp-content\/uploads\/2018\/01\/CATALOGUE-VETEMENTS-2019-2020-2-600x424.jpg 600w, https:\/\/smile-islesurlasorgue.fr\/wp-content\/uploads\/2018\/01\/CATALOGUE-VETEMENTS-2019-2020-2-768x543.jpg 768w, https:\/\/smile-islesurlasorgue.fr\/wp-content\/uploads\/2018\/01\/CATALOGUE-VETEMENTS-2019-2020-2-1024x724.jpg 1024w, https:\/\/smile-islesurlasorgue.fr\/wp-content\/uploads\/2018\/01\/CATALOGUE-VETEMENTS-2019-2020-2.jpg 1123w\" sizes=\"(max-width: 300px) 100vw, 300px\" \/><\/a> <a href=\"http:\/\/smile-islesurlasorgue.fr\/wp-content\/uploads\/2018\/01\/CATALOGUE-VETEMENTS-2019-2020-3.jpg\"><img loading=\"lazy\" class=\"wp-image-3575 size-medium alignright\" src=\"http:\/\/smile-islesurlasorgue.fr\/wp-content\/uploads\/2018\/01\/CATALOGUE-VETEMENTS-2019-2020-3-300x212.jpg\" alt=\"\" width=\"300\" height=\"212\" srcset=\"https:\/\/smile-islesurlasorgue.fr\/wp-content\/uploads\/2018\/01\/CATALOGUE-VETEMENTS-2019-2020-3-300x212.jpg 300w, https:\/\/smile-islesurlasorgue.fr\/wp-content\/uploads\/2018\/01\/CATALOGUE-VETEMENTS-2019-2020-3-600x424.jpg 600w, https:\/\/smile-islesurlasorgue.fr\/wp-content\/uploads\/2018\/01\/CATALOGUE-VETEMENTS-2019-2020-3-768x543.jpg 768w, https:\/\/smile-islesurlasorgue.fr\/wp-content\/uploads\/2018\/01\/CATALOGUE-VETEMENTS-2019-2020-3-1024x724.jpg 1024w, https:\/\/smile-islesurlasorgue.fr\/wp-content\/uploads\/2018\/01\/CATALOGUE-VETEMENTS-2019-2020-3.jpg 1123w\" sizes=\"(max-width: 300px) 100vw, 300px\" \/><\/a><a href=\"http:\/\/smile-islesurlasorgue.fr\/wp-content\/uploads\/2018\/01\/CATALOGUE-VETEMENTS-2019-2020-4.jpg\"><img loading=\"lazy\" class=\"wp-image-3576 size-medium alignleft\" src=\"http:\/\/smile-islesurlasorgue.fr\/wp-content\/uploads\/2018\/01\/CATALOGUE-VETEMENTS-2019-2020-4-300x212.jpg\" alt=\"\" width=\"300\" height=\"212\" srcset=\"https:\/\/smile-islesurlasorgue.fr\/wp-content\/uploads\/2018\/01\/CATALOGUE-VETEMENTS-2019-2020-4-300x212.jpg 300w, https:\/\/smile-islesurlasorgue.fr\/wp-content\/uploads\/2018\/01\/CATALOGUE-VETEMENTS-2019-2020-4-600x424.jpg 600w, https:\/\/smile-islesurlasorgue.fr\/wp-content\/uploads\/2018\/01\/CATALOGUE-VETEMENTS-2019-2020-4-768x543.jpg 768w, https:\/\/smile-islesurlasorgue.fr\/wp-content\/uploads\/2018\/01\/CATALOGUE-VETEMENTS-2019-2020-4-1024x724.jpg 1024w, https:\/\/smile-islesurlasorgue.fr\/wp-content\/uploads\/2018\/01\/CATALOGUE-VETEMENTS-2019-2020-4.jpg 1123w\" sizes=\"(max-width: 300px) 100vw, 300px\" \/><\/a><a href=\"http:\/\/smile-islesurlasorgue.fr\/wp-content\/uploads\/2018\/01\/CATALOGUE-VETEMENTS-2019-2020-5.jpg\"><img loading=\"lazy\" class=\"wp-image-3577 size-medium alignleft\" src=\"http:\/\/smile-islesurlasorgue.fr\/wp-content\/uploads\/2018\/01\/CATALOGUE-VETEMENTS-2019-2020-5-300x212.jpg\" alt=\"\" width=\"300\" height=\"212\" srcset=\"https:\/\/smile-islesurlasorgue.fr\/wp-content\/uploads\/2018\/01\/CATALOGUE-VETEMENTS-2019-2020-5-300x212.jpg 300w, https:\/\/smile-islesurlasorgue.fr\/wp-content\/uploads\/2018\/01\/CATALOGUE-VETEMENTS-2019-2020-5-600x424.jpg 600w, https:\/\/smile-islesurlasorgue.fr\/wp-content\/uploads\/2018\/01\/CATALOGUE-VETEMENTS-2019-2020-5-768x543.jpg 768w, https:\/\/smile-islesurlasorgue.fr\/wp-content\/uploads\/2018\/01\/CATALOGUE-VETEMENTS-2019-2020-5-1024x724.jpg 1024w, https:\/\/smile-islesurlasorgue.fr\/wp-content\/uploads\/2018\/01\/CATALOGUE-VETEMENTS-2019-2020-5.jpg 1123w\" sizes=\"(max-width: 300px) 100vw, 300px\" \/><\/a><a href=\"http:\/\/smile-islesurlasorgue.fr\/wp-content\/uploads\/2018\/01\/CATALOGUE-VETEMENTS-2019-2020-8.jpg\"><img loading=\"lazy\" class=\"wp-image-3580 size-medium alignright\" src=\"http:\/\/smile-islesurlasorgue.fr\/wp-content\/uploads\/2018\/01\/CATALOGUE-VETEMENTS-2019-2020-8-300x212.jpg\" alt=\"\" width=\"300\" height=\"212\" srcset=\"https:\/\/smile-islesurlasorgue.fr\/wp-content\/uploads\/2018\/01\/CATALOGUE-VETEMENTS-2019-2020-8-300x212.jpg 300w, https:\/\/smile-islesurlasorgue.fr\/wp-content\/uploads\/2018\/01\/CATALOGUE-VETEMENTS-2019-2020-8-600x424.jpg 600w, https:\/\/smile-islesurlasorgue.fr\/wp-content\/uploads\/2018\/01\/CATALOGUE-VETEMENTS-2019-2020-8-768x543.jpg 768w, https:\/\/smile-islesurlasorgue.fr\/wp-content\/uploads\/2018\/01\/CATALOGUE-VETEMENTS-2019-2020-8-1024x724.jpg 1024w, https:\/\/smile-islesurlasorgue.fr\/wp-content\/uploads\/2018\/01\/CATALOGUE-VETEMENTS-2019-2020-8.jpg 1123w\" sizes=\"(max-width: 300px) 100vw, 300px\" \/><\/a><a href=\"http:\/\/smile-islesurlasorgue.fr\/wp-content\/uploads\/2018\/01\/CATALOGUE-VETEMENTS-2019-2020-9.jpg\"><img loading=\"lazy\" class=\"wp-image-3581 size-medium alignright\" src=\"http:\/\/smile-islesurlasorgue.fr\/wp-content\/uploads\/2018\/01\/CATALOGUE-VETEMENTS-2019-2020-9-300x212.jpg\" alt=\"\" width=\"300\" height=\"212\" srcset=\"https:\/\/smile-islesurlasorgue.fr\/wp-content\/uploads\/2018\/01\/CATALOGUE-VETEMENTS-2019-2020-9-300x212.jpg 300w, https:\/\/smile-islesurlasorgue.fr\/wp-content\/uploads\/2018\/01\/CATALOGUE-VETEMENTS-2019-2020-9-600x424.jpg 600w, https:\/\/smile-islesurlasorgue.fr\/wp-content\/uploads\/2018\/01\/CATALOGUE-VETEMENTS-2019-2020-9-768x543.jpg 768w, https:\/\/smile-islesurlasorgue.fr\/wp-content\/uploads\/2018\/01\/CATALOGUE-VETEMENTS-2019-2020-9-1024x724.jpg 1024w, https:\/\/smile-islesurlasorgue.fr\/wp-content\/uploads\/2018\/01\/CATALOGUE-VETEMENTS-2019-2020-9.jpg 1123w\" sizes=\"(max-width: 300px) 100vw, 300px\" \/><\/a> <a href=\"http:\/\/smile-islesurlasorgue.fr\/wp-content\/uploads\/2018\/01\/CATALOGUE-VETEMENTS-2019-2020-7.jpg\"><img loading=\"lazy\" class=\"wp-image-3579 size-medium alignleft\" src=\"http:\/\/smile-islesurlasorgue.fr\/wp-content\/uploads\/2018\/01\/CATALOGUE-VETEMENTS-2019-2020-7-300x212.jpg\" alt=\"\" width=\"300\" height=\"212\" srcset=\"https:\/\/smile-islesurlasorgue.fr\/wp-content\/uploads\/2018\/01\/CATALOGUE-VETEMENTS-2019-2020-7-300x212.jpg 300w, https:\/\/smile-islesurlasorgue.fr\/wp-content\/uploads\/2018\/01\/CATALOGUE-VETEMENTS-2019-2020-7-600x424.jpg 600w, https:\/\/smile-islesurlasorgue.fr\/wp-content\/uploads\/2018\/01\/CATALOGUE-VETEMENTS-2019-2020-7-768x543.jpg 768w, https:\/\/smile-islesurlasorgue.fr\/wp-content\/uploads\/2018\/01\/CATALOGUE-VETEMENTS-2019-2020-7-1024x724.jpg 1024w, https:\/\/smile-islesurlasorgue.fr\/wp-content\/uploads\/2018\/01\/CATALOGUE-VETEMENTS-2019-2020-7.jpg 1123w\" sizes=\"(max-width: 300px) 100vw, 300px\" \/><\/a><\/p>\n<p>\u00a0<\/p>\n<p>\u00a0<\/p>\n<p>\u00a0<\/p>\n<p>\u00a0<\/p>\n<p>\u00a0<\/p>\n<p>\u00a0<\/p>\n<p>\u00a0<\/p>\n<p>\u00a0<\/p>\n<p>\u00a0<\/p>\n<p>\u00a0<\/p>\n<p>\u00a0<\/p>\n<p>\u00a0<\/p>\n<p>\u00a0<\/p>\n<p>\u00a0<\/p>\n<p>\u00a0<\/p>\n<p>\u00a0<\/p>\n<p>\u00a0<\/p>\n<p>\u00a0<\/p>\n<p>\u00a0<\/p>\n<p>\u00a0<\/p>\n<p>\u00a0<\/p>\n<p>\u00a0<\/p>\n<p>\u00a0<\/p>\n<p>\u00a0<\/p>\n<p><a href=\"http:\/\/smile-islesurlasorgue.fr\/wp-content\/uploads\/2018\/01\/coloris-serviette-Smile.jpg\"><img loading=\"lazy\" class=\"alignright wp-image-1415 size-medium\" src=\"http:\/\/smile-islesurlasorgue.fr\/wp-content\/uploads\/2018\/01\/coloris-serviette-Smile-300x184.jpg\" alt=\"\" width=\"300\" height=\"184\" srcset=\"https:\/\/smile-islesurlasorgue.fr\/wp-content\/uploads\/2018\/01\/coloris-serviette-Smile-300x184.jpg 300w, https:\/\/smile-islesurlasorgue.fr\/wp-content\/uploads\/2018\/01\/coloris-serviette-Smile-600x369.jpg 600w, https:\/\/smile-islesurlasorgue.fr\/wp-content\/uploads\/2018\/01\/coloris-serviette-Smile.jpg 748w\" sizes=\"(max-width: 300px) 100vw, 300px\" \/><\/a>SERVIETTE 50&#215;90 cm Coton, multiples coloris possibles ci-contre, broderie Smile\u00a0 \u00a018\u20ac<\/p>\n<p>\u00a0<\/p>\n<p>\u00a0<\/p>\n<p>\u00a0<\/p>\n<p>\u00a0<\/p>\n<p>\u00a0<\/p>\n<p><a href=\"http:\/\/smile-islesurlasorgue.fr\/wp-content\/uploads\/2018\/01\/Capture-d\u2019e\u0301cran-2018-04-14-a\u0300-10.10.37.png\"><img loading=\"lazy\" class=\"wp-image-1600 size-medium alignright\" src=\"http:\/\/smile-islesurlasorgue.fr\/wp-content\/uploads\/2018\/01\/Capture-d\u2019e\u0301cran-2018-04-14-a\u0300-10.10.37-237x300.png\" alt=\"\" width=\"237\" height=\"300\" srcset=\"https:\/\/smile-islesurlasorgue.fr\/wp-content\/uploads\/2018\/01\/Capture-d\u2019e\u0301cran-2018-04-14-a\u0300-10.10.37-237x300.png 237w, https:\/\/smile-islesurlasorgue.fr\/wp-content\/uploads\/2018\/01\/Capture-d\u2019e\u0301cran-2018-04-14-a\u0300-10.10.37-600x760.png 600w, https:\/\/smile-islesurlasorgue.fr\/wp-content\/uploads\/2018\/01\/Capture-d\u2019e\u0301cran-2018-04-14-a\u0300-10.10.37.png 672w\" sizes=\"(max-width: 237px) 100vw, 237px\" \/><\/a><\/p>\n<p>SERVIETTE 70&#215;130 cm Coton, multiples<\/p>\n<p>\u00a0<\/p>\n<p>coloris possibles ci-contre, broderie Smile\u00a0 \u00a023\u20ac<\/p>\n<p>\u00a0<\/p>\n<p>\u00a0<\/p>\n<p>\u00a0<\/p>\n<p>\u00a0<\/p>\n<p>\u00a0<\/p>\n<p>\u00a0<\/p>\n<p>\u00a0<\/p>\n<p>\u00a0<\/p>\n<p><a href=\"http:\/\/smile-islesurlasorgue.fr\/wp-content\/uploads\/2018\/01\/2017-PULL.tiff\"><img loading=\"lazy\" class=\"alignleft size-medium wp-image-979\" src=\"http:\/\/smile-islesurlasorgue.fr\/wp-content\/uploads\/2018\/01\/2017-PULL.tiff\" alt=\"\" width=\"1\" height=\"1\" \/><\/a><\/p>\n<p><a href=\"http:\/\/smile-islesurlasorgue.fr\/wp-content\/uploads\/2018\/01\/2017-DEBARDEURS-BLANCS.jpg\" target=\"_blank\" rel=\"noopener noreferrer\"><img loading=\"lazy\" class=\"alignleft wp-image-981 size-full\" src=\"http:\/\/smile-islesurlasorgue.fr\/wp-content\/uploads\/2018\/01\/2017-DEBARDEURS-BLANCS.jpg\" alt=\"\" width=\"163\" height=\"101\" \/><\/a><\/p>\n<p>Des commandes seront r\u00e9guli\u00e8rement pass\u00e9es, il vous suffit de nous indiquer les r\u00e9f\u00e9rences, coloris, tailles et quantit\u00e9s d\u00e9sir\u00e9s au 0603980720, par mail ou directement aupr\u00e8s de nous lors des cours.<\/p>\n<p>\u00a0<\/p>\n<p>\u00a0<\/p>\n<p>\u00a0<\/p>\n<p style=\"text-align: center;\">Pour \u00eatre aussi beau \u00e0 l&rsquo;ext\u00e9rieur qu&rsquo;\u00e0 l&rsquo;int\u00e9rieur!<\/p>\n<p>\u00a0<\/p>\n\n\n<figure class=\"wp-block-image size-large\"><a href=\"https:\/\/smile-islesurlasorgue.fr\/wp-content\/uploads\/2025\/07\/En-te\u0302te-partenaires-2024-Smile.jpg\"><img loading=\"lazy\" width=\"724\" height=\"1024\" src=\"https:\/\/smile-islesurlasorgue.fr\/wp-content\/uploads\/2025\/07\/En-te\u0302te-partenaires-2024-Smile-724x1024.jpg\" alt=\"\" class=\"wp-image-6380\" srcset=\"https:\/\/smile-islesurlasorgue.fr\/wp-content\/uploads\/2025\/07\/En-te\u0302te-partenaires-2024-Smile-724x1024.jpg 724w, https:\/\/smile-islesurlasorgue.fr\/wp-content\/uploads\/2025\/07\/En-te\u0302te-partenaires-2024-Smile-212x300.jpg 212w, https:\/\/smile-islesurlasorgue.fr\/wp-content\/uploads\/2025\/07\/En-te\u0302te-partenaires-2024-Smile-768x1086.jpg 768w, https:\/\/smile-islesurlasorgue.fr\/wp-content\/uploads\/2025\/07\/En-te\u0302te-partenaires-2024-Smile-1086x1536.jpg 1086w, https:\/\/smile-islesurlasorgue.fr\/wp-content\/uploads\/2025\/07\/En-te\u0302te-partenaires-2024-Smile.jpg 1414w\" sizes=\"(max-width: 724px) 100vw, 724px\" \/><\/a><\/figure>\n\n\n\n<figure class=\"wp-block-image size-large\"><a href=\"https:\/\/smile-islesurlasorgue.fr\/wp-content\/uploads\/2025\/07\/En-te\u0302te-partenaires-2024-Smile.jpg\"><img loading=\"lazy\" width=\"724\" height=\"1024\" src=\"https:\/\/smile-islesurlasorgue.fr\/wp-content\/uploads\/2025\/07\/En-te\u0302te-partenaires-2024-Smile-724x1024.jpg\" alt=\"\" class=\"wp-image-6380\" srcset=\"https:\/\/smile-islesurlasorgue.fr\/wp-content\/uploads\/2025\/07\/En-te\u0302te-partenaires-2024-Smile-724x1024.jpg 724w, https:\/\/smile-islesurlasorgue.fr\/wp-content\/uploads\/2025\/07\/En-te\u0302te-partenaires-2024-Smile-212x300.jpg 212w, https:\/\/smile-islesurlasorgue.fr\/wp-content\/uploads\/2025\/07\/En-te\u0302te-partenaires-2024-Smile-768x1086.jpg 768w, https:\/\/smile-islesurlasorgue.fr\/wp-content\/uploads\/2025\/07\/En-te\u0302te-partenaires-2024-Smile-1086x1536.jpg 1086w, https:\/\/smile-islesurlasorgue.fr\/wp-content\/uploads\/2025\/07\/En-te\u0302te-partenaires-2024-Smile.jpg 1414w\" sizes=\"(max-width: 724px) 100vw, 724px\" \/><\/a><\/figure>\n","protected":false},"excerpt":{"rendered":"<p>Smile vous propose une ligne de v\u00eatements coton et coton bio, disponibles sur commande. T Shirt, d\u00e9bardeur, veste, serviette, sac de sport, jogging, etc&#8230;. A vous de choisir! \u00a0 \u00a0 \u00a0 \u00a0 \u00a0 \u00a0 \u00a0 \u00a0 \u00a0 \u00a0 \u00a0 \u00a0 \u00a0 MAIS EGALEMENT EN FIN DE STOCK: \u00a0 \u00a0 \u00a0 \u00a0 \u00a0 \u00a0 \u00a0 \u00a0 [&hellip;]<\/p>\n","protected":false},"author":1,"featured_media":2187,"parent":0,"menu_order":0,"comment_status":"closed","ping_status":"closed","template":"","meta":[],"_links":{"self":[{"href":"https:\/\/smile-islesurlasorgue.fr\/index.php\/wp-json\/wp\/v2\/pages\/972"}],"collection":[{"href":"https:\/\/smile-islesurlasorgue.fr\/index.php\/wp-json\/wp\/v2\/pages"}],"about":[{"href":"https:\/\/smile-islesurlasorgue.fr\/index.php\/wp-json\/wp\/v2\/types\/page"}],"author":[{"embeddable":true,"href":"https:\/\/smile-islesurlasorgue.fr\/index.php\/wp-json\/wp\/v2\/users\/1"}],"replies":[{"embeddable":true,"href":"https:\/\/smile-islesurlasorgue.fr\/index.php\/wp-json\/wp\/v2\/comments?post=972"}],"version-history":[{"count":35,"href":"https:\/\/smile-islesurlasorgue.fr\/index.php\/wp-json\/wp\/v2\/pages\/972\/revisions"}],"predecessor-version":[{"id":5303,"href":"https:\/\/smile-islesurlasorgue.fr\/index.php\/wp-json\/wp\/v2\/pages\/972\/revisions\/5303"}],"wp:featuredmedia":[{"embeddable":true,"href":"https:\/\/smile-islesurlasorgue.fr\/index.php\/wp-json\/wp\/v2\/media\/2187"}],"wp:attachment":[{"href":"https:\/\/smile-islesurlasorgue.fr\/index.php\/wp-json\/wp\/v2\/media?parent=972"}],"curies":[{"name":"wp","href":"https:\/\/api.w.org\/{rel}","templated":true}]}}